{"id":77,"date":"2014-07-02T19:34:46","date_gmt":"2014-07-02T19:34:46","guid":{"rendered":"https:\/\/eladd.org\/en\/?page_id=77"},"modified":"2025-11-12T03:11:23","modified_gmt":"2025-11-12T03:11:23","slug":"juana-manso-de-noronha","status":"publish","type":"page","link":"https:\/\/eladd.org\/en\/popular-authors\/juana-manso-de-noronha\/","title":{"rendered":"Juana Manso de Noronha"},"content":{"rendered":"<div class=\"wpb-content-wrapper\">[vc_row full_width=&#8221;stretch_row&#8221; tablet_fullwidth_cols=&#8221;&#8221; bg_style=&#8221;repeat&#8221; css=&#8221;.vc_custom_1762917070217{background-position: 0 0 !important;background-repeat: repeat !important;}&#8221;][vc_column][vc_column_text el_class=&#8221;autoras__titulo&#8221;]\n<h2 style=\"text-align: center;\">Juana Manso de Noronha<\/h2>\n<p style=\"text-align: center;\"><img loading=\"lazy\" decoding=\"async\" class=\"size-full wp-image-1816 aligncenter\" src=\"\/\/eladd.org\/wp-content\/uploads\/2015\/09\/icon-space.png\" alt=\"icon-space\" width=\"150\" height=\"8\" \/><\/p>\n[\/vc_column_text][\/vc_column][\/vc_row][vc_row full_width=&#8221;stretch_row&#8221; el_id=&#8221;cuerpo&#8221; css=&#8221;.vc_custom_1762917077915{background-position: center !important;background-repeat: no-repeat !important;background-size: cover !important;}&#8221;][vc_column][vc_column_text el_class=&#8221;autoras__texto&#8221;]\n<div class=\"img\"><img decoding=\"async\" class=\"alignright\" src=\"https:\/\/eladd.org\/wp-content\/uploads\/2014\/02\/juana-manso1.png\" alt=\"juana-manso\" \/><\/div>\n<div class=\"content_text\">\n<p class=\"no-indent\"><strong>Also known as:<\/strong>Juana Manso, Juana Paula Manso.<\/p>\n<p class=\"no-indent\"><strong>Author\u2019s Works: Original and Edited (Works are listed in chronological order)<\/strong><\/p>\n<p>(1852).\u00a0<em>\u00c1lbum de Se\u00f1oritas.<\/em>\u00a0Buenos Aires: Imprenta Americana.<\/p>\n<p>&#8212;.\u00a0<em>\u00c1lbum de Se\u00f1oritas. Peri\u00f3dico de Literatura, Modas, Bellas Artes y Teatros.\u00a0<\/em>Buenos Aires, enero 1 &#8211; febrero 17. (1854).<\/p>\n<p>(1854).\u00a0<em>La familia del comendador. novela original.<\/em>Buenos Aires: N.p.<\/p>\n<p>&#8212;. Manso, Juana P. y Lidia F. Lewkowicz.\u00a0<em>La familia del comendador.\u00a0<\/em>Ciudad Aut\u00f3noma de Buenos Aires: Biblioteca Nacional (2006).<\/p>\n<p>(1862).\u00a0<em>Compendio de la historia de Las Provincias Unidas del R\u00edo de la Plata: desde su descubrimiento hasta la declaraci\u00f3n de su independencia el 9 de julio de 1816.\u00a0<\/em>Buenos Aires: Imprenta y Literatura a vapor de Berenheim y Boneo.<\/p>\n<p>&#8212;.\u00a0<em>Compendio de la historia de Las Provincias Unidas del Rio de la Plata: desde su descubrimiento hasta el a\u00f1o de 1874<\/em>\u00a0Buenos Aires: La \u00c9poca, (1875).<\/p>\n<p>(1870).\u00a0<em>Escuelas dominicales (de la comunidad americana).\u00a0<\/em>Buenos Aires.<\/p>\n<p>(1924). Manso, de Noronha Juana Paula, y M\u00fa\u00f1iz R. I. L\u00f3pez.\u00a0<em>Los misterios del Plata &#8230; edici\u00f3n prologada y corregida por D. Ricardo Isidro L\u00f3pez M\u00fa\u00f1iz.\u00a0<\/em>Buenos Aires.<\/p>\n<p>&#8212;.\u00a0<em>Los misterios del Plata:\u00a0<\/em>episodios hist\u00f3ricos de la \u00e9poca de Rosas, escritos en 1846. Pr\u00f3l. Mercedes Araujo. Colecci\u00f3n Las Antiguas. C\u00f3rdoba: Buena Vista Editores, (2006).<\/p>\n<p class=\"no-indent\"><strong>Critical Works and Reference Materials (Books, Book Chapters, Journal Articles,Encyclopedias, Theses\/Dissertations, Media and Internet Sources)<\/strong><\/p>\n<p>Aguirre, Gisela.\u00a0<em>Juana Manso.<\/em>\u00a0Buenos Aires, Argentina: Planeta Argentina, 2001. Area, Lelia.\u00a0<em>\u00c1lbum de se\u00f1oritas de Juana Manso: periodismo y frustraci\u00f3n para un proyecto dom\u00e9stico de fundar una naci\u00f3n.<\/em>\u00a0Buenos Aires: Feminaria, 1 ed. 2005.<\/p>\n<p>Auza, Nestor Tom\u00e1s.\u00a0<em>Periodismo y feminismo en la Argentina 1830-1930.<\/em>\u00a0Buenos Aires: Emec\u00e9 Editores. (1988).<\/p>\n<p>Batticuore, Graciela.\u00a0<em>Mujeres argentinas.<\/em>\u00a0Buenos Aires: Suma De Letras, 2006.<\/p>\n<p>Brewster, Claire. \u201cGendering Latin American Independence: Database and Im age Bank.\u201d\u00a0<em>Hisp. Res. Jnl. Hispanic Research Journal 7.1 (2006): 85-93.<\/em><\/p>\n<p>Caballe, Anna.\u00a0<em>La pluma como espada.<\/em>\u00a0[Barcelona]: Lumen, 2004.<\/p>\n<p>Coromina, Irene Susana. \u201cFicciones femeninas inspiradas en El Rosismo: el aporte de la escritora a la narrativa pol\u00edtica en la Argentina, 1846&#8211;1876.\u201d Diss. University of Pennsylvania, 2002.\u00a0<em>ProQuest Dissertations &amp; Theses: The Humanities and Social Sciences Collection.<\/em><\/p>\n<p>Davies, Catherine, Brewster Claire, and Owen Hilary. \u201cJuana Manso (1819-75): Women in History.\u201d In: Davies, Catherine, Brewster Claire, and Owen Hilary.<em>South American Independence: Gender, Politics, Text.\u00a0<\/em>Liverpool: Liverpool UP, 2006. 241-267.<\/p>\n<p>Flax, Roc\u00edo. Juana Manso: Pedagog\u00eda y proyecto nacional. &lt;<a style=\"color: #248b88;\" href=\"http:\/\/www.tomasabraham.com.ar\/seminarios\/2008\/nacional.pdf\" target=\"_blank\">http:\/\/www.tomasabraham.com.ar\/seminarios\/2008\/nacional.pdf<\/a>&gt;. PDF. 15 Mar 2012.<\/p>\n<p>Frederick, Bonnie.\u00a0<em>Wily Modesty: Argentine Women Writers, 1860-1910. Tempe, AZ:<\/em>\u00a0ASU Center for Latin American Studies Press, Arizona State University, 1998.<\/p>\n<p>Forcinito, Ana. \u201cLa cita del romance nacional argentino: performatividad e inestabilidades en Mansilla, Manso y Gorriti.\u201d\u00a0<em>Cr\u00edtica Hisp\u00e1nica<\/em>\u00a024.1-2 (2002): 223-38.<\/p>\n<p>Grau-Llever\u00eda, Elena. \u201cLa ficci\u00f3n pol\u00edtica rom\u00e1ntica en\u00a0<em>Los Misterios Del Plata.<\/em>\u00a0Episodios de la \u00e9poca de Rosas, escritos en 1846 de Juana Paula Manso.\u201d<em>Decimon\u00f3nica. Journal of Nineteenth Century Hispanic Cultural Production<\/em>\u00a07.1 (2010): 1-20.<\/p>\n<p>Goldgel Carballo, Victor. \u201cLa experiencia de lo nuevo. Peri\u00f3dicos, moda y literatura en Am\u00e9rica Latina (1790-1860).\u201d Diss. University of California, Berkeley, 2009: ProQuest Dissertations &amp; Theses: The Humanities and Social Sciences Collection.<\/p>\n<p>Hallstead, Susan. \u201cFashion Nation: The Politics of Dress and Gender in 19th Century Argentine Journalism (1829-1880).\u201d Diss. Department of Hispanic Languages and Literatures, University of Pittsburgh, 2005.<\/p>\n<p>Hernan, Sosa Carlos. \u201cEn los umbrales del texto: pr\u00f3logos y legitimaciones, dedicatorias y complicidades: notas sobre el uso del paratexto en algunas escritoras argentinas del siglo XIX.\u201d\u00a0<em>Verba Hisp\u00e1nica\u00a0<\/em>13 (2005): 59-68.<\/p>\n<p>Lewkowicz, Lidia F.\u00a0<em>Juana Paula Manso (1819-1875): una mujer del siglo XXI.<\/em>\u00a0Buenos Aires: Corregidor, 2000.<\/p>\n<p>&#8212;. \u201cDossier &#8211; Escritoras argentinas del siglo XIX &#8211; Juana Manso.\u201d\u00a0<em>Cuadernos Hispanoamericanos.<\/em>\u00a0639 (2003): 41.<\/p>\n<p>&#8212;. &#8220;Juana Paula Manso.\u201d\u00a0<em>Bolet\u00edn de la Academia Argentina de Letras\u00a0<\/em>70.281-282 (2005): 709-25.<\/p>\n<p>&#8212;. \u201cUna amistad perdurable: Juana Manso y Bartolom\u00e9 Mitre.\u201d\u00a0<em>Bolet\u00edn de la Academia Argentina de Letras.\u00a0<\/em>283 (2006): 179.<\/p>\n<p>&#8212;. \u201cJuana Manso y su conexi\u00f3n con los poetas uruguayos.\u201d\u00a0<em>Bolet\u00edn de la Academia Argentina de Letras.<\/em>\u00a072.293 (2007): 543.<\/p>\n<p>Lois, \u00c9lida. \u201cJuana Manso, puente entre dos culturas.\u201d\u00a0<em>R\u00edo de la Plata.\u00a0<\/em>28 (2005): 197-210.<\/p>\n<p>Masiello, Francine. \u201cWomen as Double Agents in History\u201d, en: Castro-Klar\u00e9n, Sara. (ed.).\u00a0<em>Narrativa Femenina en Am\u00e9rica Latina. Pr\u00e1cticas y Perspectivas Te\u00f3ricas.<\/em>\u00a0Frankurt\/Madrid: Iberoamericana\/Vervuert, (2003): 59-72.<\/p>\n<p>&#8212;. \u201cAngeles en el hogar argentino. El debate femenino sobre la vida dom\u00e9stica, la educaci\u00f3n y la literatura en el siglo XIX.\u201d\u00a0<em>Anuario IEHS,\u00a0<\/em>1989, 4: (265-91).<\/p>\n<p>McMeley, Mark. \u201cTeacher Training and the Promise of Social Ascent: The Case of Argentina\u2019s Normal Schools, 1871-1881.\u201d\u00a0<em>The Latin Americanist.\u00a0<\/em>50 (2006): 103- 40.<\/p>\n<p>Meachem, Susanne. \u201cWomen\u2019s Actions, Women\u2019s Words. Female Political and Cultural Responses to the Argentine State.\u201d Diss. Department of Hispanic Studies, University of Birmingham, 2010.<\/p>\n<p>Miguens, Silvia.\u00a0<em>C\u00f3mo se atreve: una vida de Juana Paula Manso.<\/em>\u00a0Buenos Aires: Editorial Sudamericana, 2004.<\/p>\n<p>Monteleone, Karen West. \u201cAll in the Family: Incest and Miscegenation in 19th Century Latin American Novels.\u201d Diss. University of Pittsburgh, 2000.<em>ProQuest Dissertations &amp; Theses: The Humanities and Social Sciences Collection.<\/em><\/p>\n<p>Muzart, Zahid\u00e9 Lupinacci. \u201cUma espiada na imprensa das mulheres no seculo XIX.\u201d\u00a0<em>Uma espiada na imprensa das mulheres no seculo\u00a0<\/em>XIX. Web. &lt;<a style=\"color: #248b88;\" href=\"http:\/\/www.scielo.br\/scielo.php?script=sci_arttext&amp;pid=S0104-026X2003000100013\" target=\"_blank\">http:\/\/www.scielo.br\/scielo.php?script=sci_arttext&amp;pid=S0104-026X2003000100013<\/a>.<\/p>\n<p>Peard, J. G. \u201cEnchanted Edens and Nation-making: Juana Manso, Education, Women and Trans-american Encounters in Nineteenth-century Argentina.\u201d\u00a0<em>J. Lat. Am. Stud. Journal of Latin American Studies\u00a0<\/em>40.3 (2008): 453-82.<\/p>\n<p>Pierini, Margarita. \u201cHistoria, follet\u00edn e ideolog\u00eda en\u00a0<em>Los Misterios Del Plata de Juana Manso.\u201d Nueva Revista De Filolog\u00eda Hisp\u00e1nica<\/em>\u00a050.2 (2002): 457-88.<\/p>\n<p>Santomauro, H\u00e9ctor Nicol\u00e1s.\u00a0<em>Juana Manso y las luchas por la educaci\u00f3n p\u00fablica en la Argentina.\u00a0<\/em>Buenos Aires: Ediciones Corregidor, 1994.<\/p>\n<p>Schmidt, Rita Teresinha. \u201cThere is an \u2018Other\u2019 Story: \u2018Misterios del Plata\u2019 and the Case of Female Novels in XIX Century Latin America.\u201d Transfer. 1.2 (2006): 27-58.<\/p>\n<p>Sosa de Newton, Lily. \u201cCien a\u00f1os de periodismo\u201d, en: Gil Lozano, Fernanda\/Silvina Pita, Valeria\/Ini, Mar\u00eda Gabriela. (eds.).\u00a0<em>Historia de las mujeres en la Argentina.<\/em><\/p>\n<p>&#8212;.\u00a0<em>Diccionario biogr\u00e1fico de mujeres argentinas.\u00a0<\/em>Buenos Aires: Plus Ultra, 1980.<\/p>\n<p>Southwell, Myriam. \u201cJuana P. Manso (1819-1875).\u201d\u00a0<em>Prospects<\/em>\u00a035.1 (2005): 117-32.<\/p>\n<p>&nbsp;<\/p><\/div>\n<div class=\"img2\"><img loading=\"lazy\" decoding=\"async\" class=\"alignnone size-full wp-image-608\" src=\"https:\/\/eladd.org\/wp-content\/uploads\/2014\/02\/logo-footer-2.png\" alt=\"logo-footer-2\" width=\"260\" height=\"70\" \/><\/div>\n[\/vc_column_text][vc_single_image image=&#8221;660&#8243; alignment=&#8221;center&#8221; css=&#8221;.vc_custom_1446670823436{margin-top: 35px !important;}&#8221;][\/vc_column][\/vc_row]\n<\/div>","protected":false},"excerpt":{"rendered":"<p>[vc_row full_width=&rdquo;stretch_row&rdquo; tablet_fullwidth_cols=&rdquo;&rdquo; bg_style=&rdquo;repeat&rdquo; css=&rdquo;.vc_custom_1762917070217{background-position: 0 0 !important;background-repeat: repeat !important;}&rdquo;][vc_column][vc_column_text el_class=&rdquo;autoras__titulo&rdquo;] Juana Manso de Noronha [\/vc_column_text][\/vc_column][\/vc_row][vc_row full_width=&rdquo;stretch_row&rdquo; el_id=&rdquo;cuerpo&rdquo; css=&rdquo;.vc_custom_1762917077915{background-position: center !important;background-repeat: no-repeat !important;background-size: cover !important;}&rdquo;][vc_column][vc_column_text el_class=&rdquo;autoras__texto&rdquo;] Also known as:Juana Manso, Juana Paula Manso. Author&rsquo;s Works: Original and Edited (Works are&hellip;<\/p>\n","protected":false},"author":1,"featured_media":0,"parent":38,"menu_order":0,"comment_status":"closed","ping_status":"closed","template":"","meta":{"footnotes":""},"class_list":["post-77","page","type-page","status-publish","hentry","entry","no-media"],"yoast_head":"<!-- This site is optimized with the Yoast SEO plugin v26.1.1 - https:\/\/yoast.com\/wordpress\/plugins\/seo\/ -->\n<title>Juana Manso de Noronha - Eladd En<\/title>\n<meta name=\"robots\" content=\"index, follow, max-snippet:-1, max-image-preview:large, max-video-preview:-1\" \/>\n<link rel=\"canonical\" href=\"https:\/\/eladd.org\/en\/popular-authors\/juana-manso-de-noronha\/\" \/>\n<meta property=\"og:locale\" content=\"en_US\" \/>\n<meta property=\"og:type\" content=\"article\" \/>\n<meta property=\"og:title\" content=\"Juana Manso de Noronha - Eladd En\" \/>\n<meta property=\"og:description\" content=\"[vc_row full_width=&rdquo;stretch_row&rdquo; tablet_fullwidth_cols=&rdquo;&rdquo; bg_style=&rdquo;repeat&rdquo; css=&rdquo;.vc_custom_1762917070217{background-position: 0 0 !important;background-repeat: repeat !important;}&rdquo;][vc_column][vc_column_text el_class=&rdquo;autoras__titulo&rdquo;] Juana Manso de Noronha [\/vc_column_text][\/vc_column][\/vc_row][vc_row full_width=&rdquo;stretch_row&rdquo; el_id=&rdquo;cuerpo&rdquo; css=&rdquo;.vc_custom_1762917077915{background-position: center !important;background-repeat: no-repeat !important;background-size: cover !important;}&rdquo;][vc_column][vc_column_text el_class=&rdquo;autoras__texto&rdquo;] Also known as:Juana Manso, Juana Paula Manso. Author&rsquo;s Works: Original and Edited (Works are&hellip;\" \/>\n<meta property=\"og:url\" content=\"https:\/\/eladd.org\/en\/popular-authors\/juana-manso-de-noronha\/\" \/>\n<meta property=\"og:site_name\" content=\"Eladd En\" \/>\n<meta property=\"article:modified_time\" content=\"2025-11-12T03:11:23+00:00\" \/>\n<meta property=\"og:image\" content=\"https:\/\/eladd.org\/wp-content\/uploads\/2014\/02\/juana-manso1.png\" \/>\n<meta name=\"twitter:card\" content=\"summary_large_image\" \/>\n<meta name=\"twitter:label1\" content=\"Est. reading time\" \/>\n\t<meta name=\"twitter:data1\" content=\"5 minutes\" \/>\n<script type=\"application\/ld+json\" class=\"yoast-schema-graph\">{\"@context\":\"https:\/\/schema.org\",\"@graph\":[{\"@type\":\"WebPage\",\"@id\":\"https:\/\/eladd.org\/en\/popular-authors\/juana-manso-de-noronha\/\",\"url\":\"https:\/\/eladd.org\/en\/popular-authors\/juana-manso-de-noronha\/\",\"name\":\"Juana Manso de Noronha - Eladd En\",\"isPartOf\":{\"@id\":\"https:\/\/eladd.org\/en\/#website\"},\"primaryImageOfPage\":{\"@id\":\"https:\/\/eladd.org\/en\/popular-authors\/juana-manso-de-noronha\/#primaryimage\"},\"image\":{\"@id\":\"https:\/\/eladd.org\/en\/popular-authors\/juana-manso-de-noronha\/#primaryimage\"},\"thumbnailUrl\":\"https:\/\/eladd.org\/wp-content\/uploads\/2014\/02\/juana-manso1.png\",\"datePublished\":\"2014-07-02T19:34:46+00:00\",\"dateModified\":\"2025-11-12T03:11:23+00:00\",\"breadcrumb\":{\"@id\":\"https:\/\/eladd.org\/en\/popular-authors\/juana-manso-de-noronha\/#breadcrumb\"},\"inLanguage\":\"en-US\",\"potentialAction\":[{\"@type\":\"ReadAction\",\"target\":[\"https:\/\/eladd.org\/en\/popular-authors\/juana-manso-de-noronha\/\"]}]},{\"@type\":\"ImageObject\",\"inLanguage\":\"en-US\",\"@id\":\"https:\/\/eladd.org\/en\/popular-authors\/juana-manso-de-noronha\/#primaryimage\",\"url\":\"https:\/\/eladd.org\/wp-content\/uploads\/2014\/02\/juana-manso1.png\",\"contentUrl\":\"https:\/\/eladd.org\/wp-content\/uploads\/2014\/02\/juana-manso1.png\"},{\"@type\":\"BreadcrumbList\",\"@id\":\"https:\/\/eladd.org\/en\/popular-authors\/juana-manso-de-noronha\/#breadcrumb\",\"itemListElement\":[{\"@type\":\"ListItem\",\"position\":1,\"name\":\"Home\",\"item\":\"https:\/\/eladd.org\/en\/\"},{\"@type\":\"ListItem\",\"position\":2,\"name\":\"Popular Authors\",\"item\":\"https:\/\/eladd.org\/en\/popular-authors\/\"},{\"@type\":\"ListItem\",\"position\":3,\"name\":\"Juana Manso de Noronha\"}]},{\"@type\":\"WebSite\",\"@id\":\"https:\/\/eladd.org\/en\/#website\",\"url\":\"https:\/\/eladd.org\/en\/\",\"name\":\"Eladd En\",\"description\":\"Ninteenth-Century Latin American Women Writers\",\"publisher\":{\"@id\":\"https:\/\/eladd.org\/en\/#organization\"},\"potentialAction\":[{\"@type\":\"SearchAction\",\"target\":{\"@type\":\"EntryPoint\",\"urlTemplate\":\"https:\/\/eladd.org\/en\/?s={search_term_string}\"},\"query-input\":{\"@type\":\"PropertyValueSpecification\",\"valueRequired\":true,\"valueName\":\"search_term_string\"}}],\"inLanguage\":\"en-US\"},{\"@type\":\"Organization\",\"@id\":\"https:\/\/eladd.org\/en\/#organization\",\"name\":\"Eladd En\",\"url\":\"https:\/\/eladd.org\/en\/\",\"logo\":{\"@type\":\"ImageObject\",\"inLanguage\":\"en-US\",\"@id\":\"https:\/\/eladd.org\/en\/#\/schema\/logo\/image\/\",\"url\":\"https:\/\/eladd.org\/en\/wp-content\/uploads\/sites\/2\/2025\/07\/logo-eladd.png\",\"contentUrl\":\"https:\/\/eladd.org\/en\/wp-content\/uploads\/sites\/2\/2025\/07\/logo-eladd.png\",\"width\":324,\"height\":77,\"caption\":\"Eladd En\"},\"image\":{\"@id\":\"https:\/\/eladd.org\/en\/#\/schema\/logo\/image\/\"}}]}<\/script>\n<!-- \/ Yoast SEO plugin. -->","yoast_head_json":{"title":"Juana Manso de Noronha - Eladd En","robots":{"index":"index","follow":"follow","max-snippet":"max-snippet:-1","max-image-preview":"max-image-preview:large","max-video-preview":"max-video-preview:-1"},"canonical":"https:\/\/eladd.org\/en\/popular-authors\/juana-manso-de-noronha\/","og_locale":"en_US","og_type":"article","og_title":"Juana Manso de Noronha - Eladd En","og_description":"[vc_row full_width=&rdquo;stretch_row&rdquo; tablet_fullwidth_cols=&rdquo;&rdquo; bg_style=&rdquo;repeat&rdquo; css=&rdquo;.vc_custom_1762917070217{background-position: 0 0 !important;background-repeat: repeat !important;}&rdquo;][vc_column][vc_column_text el_class=&rdquo;autoras__titulo&rdquo;] Juana Manso de Noronha [\/vc_column_text][\/vc_column][\/vc_row][vc_row full_width=&rdquo;stretch_row&rdquo; el_id=&rdquo;cuerpo&rdquo; css=&rdquo;.vc_custom_1762917077915{background-position: center !important;background-repeat: no-repeat !important;background-size: cover !important;}&rdquo;][vc_column][vc_column_text el_class=&rdquo;autoras__texto&rdquo;] Also known as:Juana Manso, Juana Paula Manso. Author&rsquo;s Works: Original and Edited (Works are&hellip;","og_url":"https:\/\/eladd.org\/en\/popular-authors\/juana-manso-de-noronha\/","og_site_name":"Eladd En","article_modified_time":"2025-11-12T03:11:23+00:00","og_image":[{"url":"https:\/\/eladd.org\/wp-content\/uploads\/2014\/02\/juana-manso1.png","type":"","width":"","height":""}],"twitter_card":"summary_large_image","twitter_misc":{"Est. reading time":"5 minutes"},"schema":{"@context":"https:\/\/schema.org","@graph":[{"@type":"WebPage","@id":"https:\/\/eladd.org\/en\/popular-authors\/juana-manso-de-noronha\/","url":"https:\/\/eladd.org\/en\/popular-authors\/juana-manso-de-noronha\/","name":"Juana Manso de Noronha - Eladd En","isPartOf":{"@id":"https:\/\/eladd.org\/en\/#website"},"primaryImageOfPage":{"@id":"https:\/\/eladd.org\/en\/popular-authors\/juana-manso-de-noronha\/#primaryimage"},"image":{"@id":"https:\/\/eladd.org\/en\/popular-authors\/juana-manso-de-noronha\/#primaryimage"},"thumbnailUrl":"https:\/\/eladd.org\/wp-content\/uploads\/2014\/02\/juana-manso1.png","datePublished":"2014-07-02T19:34:46+00:00","dateModified":"2025-11-12T03:11:23+00:00","breadcrumb":{"@id":"https:\/\/eladd.org\/en\/popular-authors\/juana-manso-de-noronha\/#breadcrumb"},"inLanguage":"en-US","potentialAction":[{"@type":"ReadAction","target":["https:\/\/eladd.org\/en\/popular-authors\/juana-manso-de-noronha\/"]}]},{"@type":"ImageObject","inLanguage":"en-US","@id":"https:\/\/eladd.org\/en\/popular-authors\/juana-manso-de-noronha\/#primaryimage","url":"https:\/\/eladd.org\/wp-content\/uploads\/2014\/02\/juana-manso1.png","contentUrl":"https:\/\/eladd.org\/wp-content\/uploads\/2014\/02\/juana-manso1.png"},{"@type":"BreadcrumbList","@id":"https:\/\/eladd.org\/en\/popular-authors\/juana-manso-de-noronha\/#breadcrumb","itemListElement":[{"@type":"ListItem","position":1,"name":"Home","item":"https:\/\/eladd.org\/en\/"},{"@type":"ListItem","position":2,"name":"Popular Authors","item":"https:\/\/eladd.org\/en\/popular-authors\/"},{"@type":"ListItem","position":3,"name":"Juana Manso de Noronha"}]},{"@type":"WebSite","@id":"https:\/\/eladd.org\/en\/#website","url":"https:\/\/eladd.org\/en\/","name":"Eladd En","description":"Ninteenth-Century Latin American Women Writers","publisher":{"@id":"https:\/\/eladd.org\/en\/#organization"},"potentialAction":[{"@type":"SearchAction","target":{"@type":"EntryPoint","urlTemplate":"https:\/\/eladd.org\/en\/?s={search_term_string}"},"query-input":{"@type":"PropertyValueSpecification","valueRequired":true,"valueName":"search_term_string"}}],"inLanguage":"en-US"},{"@type":"Organization","@id":"https:\/\/eladd.org\/en\/#organization","name":"Eladd En","url":"https:\/\/eladd.org\/en\/","logo":{"@type":"ImageObject","inLanguage":"en-US","@id":"https:\/\/eladd.org\/en\/#\/schema\/logo\/image\/","url":"https:\/\/eladd.org\/en\/wp-content\/uploads\/sites\/2\/2025\/07\/logo-eladd.png","contentUrl":"https:\/\/eladd.org\/en\/wp-content\/uploads\/sites\/2\/2025\/07\/logo-eladd.png","width":324,"height":77,"caption":"Eladd En"},"image":{"@id":"https:\/\/eladd.org\/en\/#\/schema\/logo\/image\/"}}]}},"_links":{"self":[{"href":"https:\/\/eladd.org\/en\/wp-json\/wp\/v2\/pages\/77","targetHints":{"allow":["GET"]}}],"collection":[{"href":"https:\/\/eladd.org\/en\/wp-json\/wp\/v2\/pages"}],"about":[{"href":"https:\/\/eladd.org\/en\/wp-json\/wp\/v2\/types\/page"}],"author":[{"embeddable":true,"href":"https:\/\/eladd.org\/en\/wp-json\/wp\/v2\/users\/1"}],"replies":[{"embeddable":true,"href":"https:\/\/eladd.org\/en\/wp-json\/wp\/v2\/comments?post=77"}],"version-history":[{"count":10,"href":"https:\/\/eladd.org\/en\/wp-json\/wp\/v2\/pages\/77\/revisions"}],"predecessor-version":[{"id":24769,"href":"https:\/\/eladd.org\/en\/wp-json\/wp\/v2\/pages\/77\/revisions\/24769"}],"up":[{"embeddable":true,"href":"https:\/\/eladd.org\/en\/wp-json\/wp\/v2\/pages\/38"}],"wp:attachment":[{"href":"https:\/\/eladd.org\/en\/wp-json\/wp\/v2\/media?parent=77"}],"curies":[{"name":"wp","href":"https:\/\/api.w.org\/{rel}","templated":true}]}}