{"id":81,"date":"2014-07-02T19:37:52","date_gmt":"2014-07-02T19:37:52","guid":{"rendered":"https:\/\/eladd.org\/en\/?page_id=81"},"modified":"2025-11-12T03:12:40","modified_gmt":"2025-11-12T03:12:40","slug":"amalia-puga-de-losada","status":"publish","type":"page","link":"https:\/\/eladd.org\/en\/popular-authors\/amalia-puga-de-losada\/","title":{"rendered":"Amalia Puga de Losada"},"content":{"rendered":"<div class=\"wpb-content-wrapper\">[vc_row full_width=&#8221;stretch_row&#8221; tablet_fullwidth_cols=&#8221;&#8221; bg_style=&#8221;repeat&#8221; css=&#8221;.vc_custom_1762917138681{background-position: 0 0 !important;background-repeat: repeat !important;}&#8221;][vc_column][vc_column_text el_class=&#8221;autoras__titulo&#8221;]\n<h2 style=\"text-align: center;\">Nombre de autor<\/h2>\n<p style=\"text-align: center;\">(1866-1963)<br \/>\n<img loading=\"lazy\" decoding=\"async\" class=\"size-full wp-image-1816 aligncenter\" src=\"\/\/eladd.org\/wp-content\/uploads\/2015\/09\/icon-space.png\" alt=\"icon-space\" width=\"150\" height=\"8\" \/>[\/vc_column_text][\/vc_column][\/vc_row][vc_row full_width=&#8221;stretch_row&#8221; el_id=&#8221;cuerpo&#8221; css=&#8221;.vc_custom_1762917145043{background-position: center !important;background-repeat: no-repeat !important;background-size: cover !important;}&#8221;][vc_column][vc_column_text]<a href=\"https:\/\/eladd.org\/wp-content\/uploads\/2014\/02\/amalia.png\"><img loading=\"lazy\" decoding=\"async\" class=\"size-medium wp-image-1513 aligncenter\" src=\"https:\/\/eladd.org\/wp-content\/uploads\/2014\/02\/amalia-212x300.png\" alt=\"amalia\" width=\"212\" height=\"300\" \/><\/a><\/p>\n<p><strong>A full biographical essay is available in ELADD ESPA\u00d1OL under the author&#8217;s name. <\/strong><\/p>\n<div style=\"width: 100%; height: 3px; background: #6E6E6E; margin: 10px 0px 20px 0px; overflow: hidden;\"><\/div>\n<div id=\"content-n\">\n<div class=\"img\"><img decoding=\"async\" class=\"alignright\" src=\"https:\/\/eladd.org\/wp-content\/uploads\/2014\/02\/puga-losada1.png\" alt=\"puga-losada\" \/><\/div>\n<div class=\"content_text\">\n<p class=\"no-indent\" style=\"color: #444444;\"><strong style=\"color: black;\">Also known as:\u00a0<\/strong>Amalia Natividad de las Mercedes Puga y Puga, Amalia Puga, Se\u00f1ora Puga de Losada, Sra. Do\u00f1a Amalia Puga de Losada, Amalia Puga de Lozada, La Puguita.<\/p>\n<p class=\"no-indent\" style=\"color: #444444;\"><strong style=\"color: black;\">Author\u2019s Works: Original and Edited (Works are listed in chronological order)<\/strong><\/p>\n<p style=\"color: #444444;\">(1887). \u201cLa felicidad.\u201d (Seud\u00f3nimo: Amalia Puga de Lozada). Primicias Literarias. Lima: Imprenta de Bacigalupi.<\/p>\n<p style=\"color: #444444;\">&#8212;. \u201cLa felicidad.\u201d La Revista Ilustrada de Nueva York. Feb. (1890):15-16.<\/p>\n<p style=\"color: #444444;\">(1892). \u201cLiteratura en la mujer.\u201d\u00a0<em>La Revista Ilustrada de Nueva York.<\/em>\u00a0Mar. (1892):133-41. [Discurso de Amalia Puga en la noche de su incorporaci\u00f3n en el Ateneo de Lima, Per\u00fa].<\/p>\n<p style=\"color: #444444;\">(1893). Pr\u00f3l. Luis B. Cisneros.\u00a0<em>Ensayos literarios.<\/em>\u00a0Lima: Imprenta de la Ilustraci\u00f3n Sudamericana.<\/p>\n<p style=\"color: #444444;\">(1923).<em>\u00a0El voto, novela in\u00e9dita.<\/em>\u00a0Ser. La Novela Peruana, a\u00f1o 1, n\u00famero 7. Lima: Lux.<\/p>\n<p style=\"color: #444444;\">(1924).\u00a0<em>Amalia Puga.<\/em>\u00a0Ser. 50 Mejores Poes\u00edas L\u00edricas de los Mejores Poetas. Barcelona: Editorial Cervantes.<\/p>\n<p style=\"color: #444444;\">(1948).\u00a0<em>Tragedia in\u00e9dita.<\/em>\u00a0Lima: Imprenta Santa Mar\u00eda.<\/p>\n<p style=\"color: #444444;\">(1949).<em>\u00a0El jab\u00f3n de hiel:<\/em>\u00a0cuentos. Ser. Solinet\/Aserl Cooperative Microfilming Project. Lima: Imprenta Santa Mar\u00eda.<\/p>\n<p style=\"color: #444444;\">(1950).\u00a0<em>La madre Espinach: vidente y profetisa.<\/em>\u00a0Lima: Imprenta Santa Mar\u00eda.<\/p>\n<p style=\"color: #444444;\">(1952). Los<em>\u00a0Barz\u00faas.<\/em>\u00a0Lima: Imprenta Santa Mar\u00eda.<\/p>\n<p style=\"color: #444444;\">(1958). Peruvian poet and writer Amalia Puga de Losada reading from her work. Sept. 20. 1958. Sound Recording. Archive of Hispanic Literature on Tape, Library of Congress, Washington D.C. LWO 12661, reel 48.<\/p>\n<p class=\"no-indent\" style=\"color: #444444;\"><strong style=\"color: black;\">Critical Works and Reference Materials (Books, Book Chapters, Journal Articles, Encyclopedias, Theses\/Dissertations, Media and Internet Sources)<\/strong><\/p>\n<p style=\"color: #444444;\">Ateneo de Lima (antiguo \u201cclub literario\u201d).\u00a0<em>Homenaje a la se\u00f1orita Amalia Puga la noche de su incorporaci\u00f3n en el Ateneo de Lima.<\/em>\u00a0Lima: Imprenta del Universo, 1892<\/p>\n<p style=\"color: #444444;\">Belmont Parker, William, and Corresponding Members of the Hispanic Society of America, eds. \u201cAmalia Puga de Losada.\u201d\u00a0<em>Peruvians of To-day.<\/em>\u00a0New York: Kraus Reprint Corporation, 1967. 402.<\/p>\n<p style=\"color: #444444;\">Chamberlin, Vernon A. and Iv\u00e1n A. Schulman . \u201cAmalia Puga de Losada. Peru, 1866-1963.\u201d\u00a0<em>La Revista Ilustrada de Nueva York: History, Anthology, and Index of Literary Selections.<\/em>\u00a0Columbia: U of Missouri Press, 1976. 35-37 &amp; 207-08.<\/p>\n<p style=\"color: #444444;\">Espinoza Soriano, Waldemar. \u201cAparece la figura de Amalia Puga de Losada. Interviene en la organizaci\u00f3n de la primera conferencia de Valdelomar.\u201d<em>Abraham Valdelomar en Cajamarca,<\/em>\u00a01918. Lima: U Ricardo Palma Editorial Universitaria, 2003. 76-78.<\/p>\n<p style=\"color: #444444;\">&#8212;. \u201cLa primera conferencia de Valdelomar. Preparativos realizaci\u00f3n. Los valores est\u00e9ticos nacionales. Elogio de Cajamarca y Amalia Puga.\u201d\u00a0<em>Abraham Valdelomar en Cajamarca, 1918.<\/em>\u00a0Lima: U Ricardo Palma Editorial Universitaria, 2003. 84-93.<\/p>\n<p style=\"color: #444444;\">&#8212;. \u201cEl poema<em>\u00a0\u00c1ngelus<\/em>\u00a0y la respuesta de Amalia Puga.\u201d<em>\u00a0Abraham Valdelomar en Cajamarca, 1918.<\/em>\u00a0Lima: U Ricardo Palma Editorial Universitaria, 2003. 94-96.<\/p>\n<p style=\"color: #444444;\">Ferreira, Roc\u00edo. \u201cUna aproximaci\u00f3n a la obra de Amalia Puga de Losada.\u201d<em>\u00a0Mujeres latinoamericanas del siglo XX:<\/em>\u00a0Historia y cultura. Tomo II. Ed. Luisa Campuzano. La Habana: Casa de las Am\u00e9ricas y Iztapalapa: U Aut\u00f3noma Metropolitana, 1998. 69-79.<\/p>\n<p style=\"color: #444444;\">Lomas Poletti, Laura. \u201cAmalia Puga de Losada y el discurso de la mujer americana en\u00a0<em>La Revista Ilustrada de Nueva York.<\/em>\u201d Escritoras del siglo XIX en Am\u00e9rica Latina. Ed. y Comp. Sara Beatriz Guardia. Lima: CEMHAL, 2012. 257-66. Web. 25 Apr. 2013.<\/p>\n<p style=\"color: #444444;\">L\u00f3pez Mart\u00ednez, H\u00e9ctor. \u201cAmalia Puga: entre Lima y Nueva York.\u201d\u00a0<em>Apuntes sobre viajes y viajeros.<\/em>\u00a0Lima: Librer\u00eda Editorial Minerva, 2000. 129-33.<\/p>\n<p style=\"color: #444444;\">Minardi, Giovanna, comp.\u00a0<em>Cuentas: narradoras peruanas del siglo XX.<\/em>\u00a0Lima: Ediciones Flora Trist\u00e1n: Santo Oficio, 2000. 45-48.<\/p>\n<p style=\"color: #444444;\">Palma, Ricardo. \u201cCarta 53: A Amalia Puga de Losada.\u201d<em>\u00a0Cartas in\u00e9ditas de Don Ricardo Palma.<\/em>\u00a0Ed. Rub\u00e9n Vargas Ugarte. Lima: C. Milla Batres, 1964. 122-23.<\/p>\n<p style=\"color: #444444;\">Sarmiento Guti\u00e9rrez, Julio y Trist\u00e1n Ravines S\u00e1nchez. \u201cAmalia Puga de Losada.\u201d\u00a0<em>Cajamarca: historia y cultura.<\/em>\u00a0Cajamarca: Municipalidad Provincial de Cajamarca, 2004. 220.<\/p>\n<p style=\"color: #444444;\">\n<\/div>\n<p><a href=\"https:\/\/eladd.org\/en\/wp-content\/uploads\/sites\/2\/2014\/07\/Sin-t\u00edtulo-4.png\"><img loading=\"lazy\" decoding=\"async\" class=\"aligncenter size-full wp-image-216\" src=\"https:\/\/eladd.org\/en\/wp-content\/uploads\/sites\/2\/2014\/07\/Sin-t\u00edtulo-4.png\" alt=\"Sin-t\u00edtulo-4\" width=\"260\" height=\"70\" \/><\/a><\/div>\n[\/vc_column_text][vc_single_image image=&#8221;660&#8243; alignment=&#8221;center&#8221; css=&#8221;.vc_custom_1446670823436{margin-top: 35px !important;}&#8221;][\/vc_column][\/vc_row]\n<\/div>","protected":false},"excerpt":{"rendered":"<p>[vc_row full_width=&rdquo;stretch_row&rdquo; tablet_fullwidth_cols=&rdquo;&rdquo; bg_style=&rdquo;repeat&rdquo; css=&rdquo;.vc_custom_1762917138681{background-position: 0 0 !important;background-repeat: repeat !important;}&rdquo;][vc_column][vc_column_text el_class=&rdquo;autoras__titulo&rdquo;] Nombre de autor (1866-1963) [\/vc_column_text][\/vc_column][\/vc_row][vc_row full_width=&rdquo;stretch_row&rdquo; el_id=&rdquo;cuerpo&rdquo; css=&rdquo;.vc_custom_1762917145043{background-position: center !important;background-repeat: no-repeat !important;background-size: cover !important;}&rdquo;][vc_column][vc_column_text] A full biographical essay is available in ELADD ESPA&Ntilde;OL under the author&rsquo;s name. Also known&hellip;<\/p>\n","protected":false},"author":1,"featured_media":0,"parent":38,"menu_order":0,"comment_status":"closed","ping_status":"closed","template":"","meta":{"footnotes":""},"class_list":["post-81","page","type-page","status-publish","hentry","entry","no-media"],"yoast_head":"<!-- This site is optimized with the Yoast SEO plugin v26.1.1 - https:\/\/yoast.com\/wordpress\/plugins\/seo\/ -->\n<title>Amalia Puga de Losada - Eladd En<\/title>\n<meta name=\"robots\" content=\"index, follow, max-snippet:-1, max-image-preview:large, max-video-preview:-1\" \/>\n<link rel=\"canonical\" href=\"https:\/\/eladd.org\/en\/popular-authors\/amalia-puga-de-losada\/\" \/>\n<meta property=\"og:locale\" content=\"en_US\" \/>\n<meta property=\"og:type\" content=\"article\" \/>\n<meta property=\"og:title\" content=\"Amalia Puga de Losada - Eladd En\" \/>\n<meta property=\"og:description\" content=\"[vc_row full_width=&rdquo;stretch_row&rdquo; tablet_fullwidth_cols=&rdquo;&rdquo; bg_style=&rdquo;repeat&rdquo; css=&rdquo;.vc_custom_1762917138681{background-position: 0 0 !important;background-repeat: repeat !important;}&rdquo;][vc_column][vc_column_text el_class=&rdquo;autoras__titulo&rdquo;] Nombre de autor (1866-1963) [\/vc_column_text][\/vc_column][\/vc_row][vc_row full_width=&rdquo;stretch_row&rdquo; el_id=&rdquo;cuerpo&rdquo; css=&rdquo;.vc_custom_1762917145043{background-position: center !important;background-repeat: no-repeat !important;background-size: cover !important;}&rdquo;][vc_column][vc_column_text] A full biographical essay is available in ELADD ESPA&Ntilde;OL under the author&rsquo;s name. Also known&hellip;\" \/>\n<meta property=\"og:url\" content=\"https:\/\/eladd.org\/en\/popular-authors\/amalia-puga-de-losada\/\" \/>\n<meta property=\"og:site_name\" content=\"Eladd En\" \/>\n<meta property=\"article:modified_time\" content=\"2025-11-12T03:12:40+00:00\" \/>\n<meta property=\"og:image\" content=\"https:\/\/eladd.org\/wp-content\/uploads\/2014\/02\/amalia-212x300.png\" \/>\n<meta name=\"twitter:card\" content=\"summary_large_image\" \/>\n<meta name=\"twitter:label1\" content=\"Est. reading time\" \/>\n\t<meta name=\"twitter:data1\" content=\"3 minutes\" \/>\n<script type=\"application\/ld+json\" class=\"yoast-schema-graph\">{\"@context\":\"https:\/\/schema.org\",\"@graph\":[{\"@type\":\"WebPage\",\"@id\":\"https:\/\/eladd.org\/en\/popular-authors\/amalia-puga-de-losada\/\",\"url\":\"https:\/\/eladd.org\/en\/popular-authors\/amalia-puga-de-losada\/\",\"name\":\"Amalia Puga de Losada - Eladd En\",\"isPartOf\":{\"@id\":\"https:\/\/eladd.org\/en\/#website\"},\"primaryImageOfPage\":{\"@id\":\"https:\/\/eladd.org\/en\/popular-authors\/amalia-puga-de-losada\/#primaryimage\"},\"image\":{\"@id\":\"https:\/\/eladd.org\/en\/popular-authors\/amalia-puga-de-losada\/#primaryimage\"},\"thumbnailUrl\":\"https:\/\/eladd.org\/wp-content\/uploads\/2014\/02\/amalia-212x300.png\",\"datePublished\":\"2014-07-02T19:37:52+00:00\",\"dateModified\":\"2025-11-12T03:12:40+00:00\",\"breadcrumb\":{\"@id\":\"https:\/\/eladd.org\/en\/popular-authors\/amalia-puga-de-losada\/#breadcrumb\"},\"inLanguage\":\"en-US\",\"potentialAction\":[{\"@type\":\"ReadAction\",\"target\":[\"https:\/\/eladd.org\/en\/popular-authors\/amalia-puga-de-losada\/\"]}]},{\"@type\":\"ImageObject\",\"inLanguage\":\"en-US\",\"@id\":\"https:\/\/eladd.org\/en\/popular-authors\/amalia-puga-de-losada\/#primaryimage\",\"url\":\"https:\/\/eladd.org\/wp-content\/uploads\/2014\/02\/amalia-212x300.png\",\"contentUrl\":\"https:\/\/eladd.org\/wp-content\/uploads\/2014\/02\/amalia-212x300.png\"},{\"@type\":\"BreadcrumbList\",\"@id\":\"https:\/\/eladd.org\/en\/popular-authors\/amalia-puga-de-losada\/#breadcrumb\",\"itemListElement\":[{\"@type\":\"ListItem\",\"position\":1,\"name\":\"Home\",\"item\":\"https:\/\/eladd.org\/en\/\"},{\"@type\":\"ListItem\",\"position\":2,\"name\":\"Popular Authors\",\"item\":\"https:\/\/eladd.org\/en\/popular-authors\/\"},{\"@type\":\"ListItem\",\"position\":3,\"name\":\"Amalia Puga de Losada\"}]},{\"@type\":\"WebSite\",\"@id\":\"https:\/\/eladd.org\/en\/#website\",\"url\":\"https:\/\/eladd.org\/en\/\",\"name\":\"Eladd En\",\"description\":\"Ninteenth-Century Latin American Women Writers\",\"publisher\":{\"@id\":\"https:\/\/eladd.org\/en\/#organization\"},\"potentialAction\":[{\"@type\":\"SearchAction\",\"target\":{\"@type\":\"EntryPoint\",\"urlTemplate\":\"https:\/\/eladd.org\/en\/?s={search_term_string}\"},\"query-input\":{\"@type\":\"PropertyValueSpecification\",\"valueRequired\":true,\"valueName\":\"search_term_string\"}}],\"inLanguage\":\"en-US\"},{\"@type\":\"Organization\",\"@id\":\"https:\/\/eladd.org\/en\/#organization\",\"name\":\"Eladd En\",\"url\":\"https:\/\/eladd.org\/en\/\",\"logo\":{\"@type\":\"ImageObject\",\"inLanguage\":\"en-US\",\"@id\":\"https:\/\/eladd.org\/en\/#\/schema\/logo\/image\/\",\"url\":\"https:\/\/eladd.org\/en\/wp-content\/uploads\/sites\/2\/2025\/07\/logo-eladd.png\",\"contentUrl\":\"https:\/\/eladd.org\/en\/wp-content\/uploads\/sites\/2\/2025\/07\/logo-eladd.png\",\"width\":324,\"height\":77,\"caption\":\"Eladd En\"},\"image\":{\"@id\":\"https:\/\/eladd.org\/en\/#\/schema\/logo\/image\/\"}}]}<\/script>\n<!-- \/ Yoast SEO plugin. -->","yoast_head_json":{"title":"Amalia Puga de Losada - Eladd En","robots":{"index":"index","follow":"follow","max-snippet":"max-snippet:-1","max-image-preview":"max-image-preview:large","max-video-preview":"max-video-preview:-1"},"canonical":"https:\/\/eladd.org\/en\/popular-authors\/amalia-puga-de-losada\/","og_locale":"en_US","og_type":"article","og_title":"Amalia Puga de Losada - Eladd En","og_description":"[vc_row full_width=&rdquo;stretch_row&rdquo; tablet_fullwidth_cols=&rdquo;&rdquo; bg_style=&rdquo;repeat&rdquo; css=&rdquo;.vc_custom_1762917138681{background-position: 0 0 !important;background-repeat: repeat !important;}&rdquo;][vc_column][vc_column_text el_class=&rdquo;autoras__titulo&rdquo;] Nombre de autor (1866-1963) [\/vc_column_text][\/vc_column][\/vc_row][vc_row full_width=&rdquo;stretch_row&rdquo; el_id=&rdquo;cuerpo&rdquo; css=&rdquo;.vc_custom_1762917145043{background-position: center !important;background-repeat: no-repeat !important;background-size: cover !important;}&rdquo;][vc_column][vc_column_text] A full biographical essay is available in ELADD ESPA&Ntilde;OL under the author&rsquo;s name. Also known&hellip;","og_url":"https:\/\/eladd.org\/en\/popular-authors\/amalia-puga-de-losada\/","og_site_name":"Eladd En","article_modified_time":"2025-11-12T03:12:40+00:00","og_image":[{"url":"https:\/\/eladd.org\/wp-content\/uploads\/2014\/02\/amalia-212x300.png","type":"","width":"","height":""}],"twitter_card":"summary_large_image","twitter_misc":{"Est. reading time":"3 minutes"},"schema":{"@context":"https:\/\/schema.org","@graph":[{"@type":"WebPage","@id":"https:\/\/eladd.org\/en\/popular-authors\/amalia-puga-de-losada\/","url":"https:\/\/eladd.org\/en\/popular-authors\/amalia-puga-de-losada\/","name":"Amalia Puga de Losada - Eladd En","isPartOf":{"@id":"https:\/\/eladd.org\/en\/#website"},"primaryImageOfPage":{"@id":"https:\/\/eladd.org\/en\/popular-authors\/amalia-puga-de-losada\/#primaryimage"},"image":{"@id":"https:\/\/eladd.org\/en\/popular-authors\/amalia-puga-de-losada\/#primaryimage"},"thumbnailUrl":"https:\/\/eladd.org\/wp-content\/uploads\/2014\/02\/amalia-212x300.png","datePublished":"2014-07-02T19:37:52+00:00","dateModified":"2025-11-12T03:12:40+00:00","breadcrumb":{"@id":"https:\/\/eladd.org\/en\/popular-authors\/amalia-puga-de-losada\/#breadcrumb"},"inLanguage":"en-US","potentialAction":[{"@type":"ReadAction","target":["https:\/\/eladd.org\/en\/popular-authors\/amalia-puga-de-losada\/"]}]},{"@type":"ImageObject","inLanguage":"en-US","@id":"https:\/\/eladd.org\/en\/popular-authors\/amalia-puga-de-losada\/#primaryimage","url":"https:\/\/eladd.org\/wp-content\/uploads\/2014\/02\/amalia-212x300.png","contentUrl":"https:\/\/eladd.org\/wp-content\/uploads\/2014\/02\/amalia-212x300.png"},{"@type":"BreadcrumbList","@id":"https:\/\/eladd.org\/en\/popular-authors\/amalia-puga-de-losada\/#breadcrumb","itemListElement":[{"@type":"ListItem","position":1,"name":"Home","item":"https:\/\/eladd.org\/en\/"},{"@type":"ListItem","position":2,"name":"Popular Authors","item":"https:\/\/eladd.org\/en\/popular-authors\/"},{"@type":"ListItem","position":3,"name":"Amalia Puga de Losada"}]},{"@type":"WebSite","@id":"https:\/\/eladd.org\/en\/#website","url":"https:\/\/eladd.org\/en\/","name":"Eladd En","description":"Ninteenth-Century Latin American Women Writers","publisher":{"@id":"https:\/\/eladd.org\/en\/#organization"},"potentialAction":[{"@type":"SearchAction","target":{"@type":"EntryPoint","urlTemplate":"https:\/\/eladd.org\/en\/?s={search_term_string}"},"query-input":{"@type":"PropertyValueSpecification","valueRequired":true,"valueName":"search_term_string"}}],"inLanguage":"en-US"},{"@type":"Organization","@id":"https:\/\/eladd.org\/en\/#organization","name":"Eladd En","url":"https:\/\/eladd.org\/en\/","logo":{"@type":"ImageObject","inLanguage":"en-US","@id":"https:\/\/eladd.org\/en\/#\/schema\/logo\/image\/","url":"https:\/\/eladd.org\/en\/wp-content\/uploads\/sites\/2\/2025\/07\/logo-eladd.png","contentUrl":"https:\/\/eladd.org\/en\/wp-content\/uploads\/sites\/2\/2025\/07\/logo-eladd.png","width":324,"height":77,"caption":"Eladd En"},"image":{"@id":"https:\/\/eladd.org\/en\/#\/schema\/logo\/image\/"}}]}},"_links":{"self":[{"href":"https:\/\/eladd.org\/en\/wp-json\/wp\/v2\/pages\/81","targetHints":{"allow":["GET"]}}],"collection":[{"href":"https:\/\/eladd.org\/en\/wp-json\/wp\/v2\/pages"}],"about":[{"href":"https:\/\/eladd.org\/en\/wp-json\/wp\/v2\/types\/page"}],"author":[{"embeddable":true,"href":"https:\/\/eladd.org\/en\/wp-json\/wp\/v2\/users\/1"}],"replies":[{"embeddable":true,"href":"https:\/\/eladd.org\/en\/wp-json\/wp\/v2\/comments?post=81"}],"version-history":[{"count":7,"href":"https:\/\/eladd.org\/en\/wp-json\/wp\/v2\/pages\/81\/revisions"}],"predecessor-version":[{"id":24771,"href":"https:\/\/eladd.org\/en\/wp-json\/wp\/v2\/pages\/81\/revisions\/24771"}],"up":[{"embeddable":true,"href":"https:\/\/eladd.org\/en\/wp-json\/wp\/v2\/pages\/38"}],"wp:attachment":[{"href":"https:\/\/eladd.org\/en\/wp-json\/wp\/v2\/media?parent=81"}],"curies":[{"name":"wp","href":"https:\/\/api.w.org\/{rel}","templated":true}]}}