{"id":85,"date":"2014-07-02T19:41:06","date_gmt":"2014-07-02T19:41:06","guid":{"rendered":"https:\/\/eladd.org\/en\/?page_id=85"},"modified":"2025-11-12T03:13:42","modified_gmt":"2025-11-12T03:13:42","slug":"mariquita-sanchez-de-thompson","status":"publish","type":"page","link":"https:\/\/eladd.org\/en\/popular-authors\/mariquita-sanchez-de-thompson\/","title":{"rendered":"Mariquita S\u00e1nchez de Thompson"},"content":{"rendered":"<div class=\"wpb-content-wrapper\">[vc_row full_width=&#8221;stretch_row&#8221; tablet_fullwidth_cols=&#8221;&#8221; bg_style=&#8221;repeat&#8221; css=&#8221;.vc_custom_1762917207106{background-position: 0 0 !important;background-repeat: repeat !important;}&#8221;][vc_column][vc_column_text el_class=&#8221;autoras__titulo&#8221;]\n<h2 style=\"text-align: center;\">Mariquita S\u00e1nchez de Thompson<\/h2>\n<p style=\"text-align: center;\">(1786-1868)<br \/>\n<img loading=\"lazy\" decoding=\"async\" class=\"size-full wp-image-1816 aligncenter\" src=\"\/\/eladd.org\/wp-content\/uploads\/2015\/09\/icon-space.png\" alt=\"icon-space\" width=\"150\" height=\"8\" \/>[\/vc_column_text][\/vc_column][\/vc_row][vc_row full_width=&#8221;stretch_row&#8221; el_id=&#8221;cuerpo&#8221; css=&#8221;.vc_custom_1762917213899{background-position: center !important;background-repeat: no-repeat !important;background-size: cover !important;}&#8221;][vc_column][vc_column_text el_class=&#8221;autoras__texto&#8221;]<a href=\"https:\/\/eladd.org\/wp-content\/uploads\/2014\/02\/Mariquita1.png\"><img loading=\"lazy\" decoding=\"async\" class=\"size-medium wp-image-797 aligncenter\" src=\"https:\/\/eladd.org\/wp-content\/uploads\/2014\/02\/Mariquita1-220x300.png\" alt=\"Mariquita1\" width=\"220\" height=\"300\" \/><\/a><\/p>\n<p><strong>A full biographical essay is available in ELADD ESPA\u00d1OL under the author&#8217;s name. <\/strong><\/p>\n<div style=\"width: 100%; height: 3px; background: #6E6E6E; margin: 10px 0px 20px 0px; overflow: hidden;\"><\/div>\n<div id=\"content-n\">\n<div class=\"img\"><img decoding=\"async\" class=\"alignright\" src=\"https:\/\/eladd.org\/wp-content\/uploads\/2014\/02\/mariquita-sanchez1.png\" alt=\"mariquita-sanchez\" \/><\/div>\n<div class=\"content_text\">\n<p class=\"no-indent\"><strong>Also known as:<\/strong>Mar\u00eda de Todos los Santos S\u00e1nchez, Mar\u00eda S\u00e1nchez, Mariquita S\u00e1nchez, Mariquita S\u00e1nchez de Thompson y Mendeville, Mar\u00eda de Todos los Santos S\u00e1nchez de Thompson y Mendeville, Mar\u00eda de los Santos S\u00e1nchez, Mme. Mendeville, Mar\u00eda de Todos los Santos S\u00e1nchez de Velazco y Trillo, Mar\u00eda de Todos los Santos S\u00e1nchez de Velazco.<\/p>\n<p class=\"no-indent\"><strong>Author\u2019s Works: Original and Edited\u00a0(Works are listed in chronological order)<\/strong><\/p>\n<p>(1952). Ed. Clara Vilaseca.\u00a0<em>Cartas de Mariquita S\u00e1nchez.<\/em>\u00a0Buenos Aires: Peuser.<\/p>\n<p>(1953). Ed. Agust\u00edn Liniers de Estrada.\u00a0<em>Recuerdos del Buenos Aires Virreynal.<\/em>\u00a0Buenos Aires: ENE Editorial.<\/p>\n<p>(2010). Ed. Mar\u00eda G. Mizraje.\u00a0<em>Intimidad y pol\u00edtica: diario, cartas y recuerdos.<\/em>\u00a0Buenos Aires: A. Hidalgo.<\/p>\n<p class=\"no-indent\"><strong>Critical Works and Reference Materials- Book, Book Chapters, Journal Articles, Encyclopedias, Theses\/Dissertations, Media and Internet Sources<\/strong><\/p>\n<p>Aguirre, Gisela, et al.<em>\u00a0Mariquita S\u00e1nchez de Thompson.<\/em>\u00a0Grandes protagonistas de la historia Argentina. Buenos Aires: Planeta Argentina, 2000.<\/p>\n<p>Arambel-Gui\u00f1az\u00fa, M. Cristina. &#8220;Entre lo p\u00fablico y lo privado: el sal\u00f3n y los escritos de Mariquita S\u00e1nchez, testimonios del siglo XIX.&#8221;\u00a0<em>Letras Femeninas<\/em>\u00a025.1\/2 (1999): 79-93. Web. 11 Mar. 2013.<\/p>\n<p>Arambel-Gui\u00f1az\u00fa, Cristina Mar\u00eda y Claire Emilie Martin. \u201cLa correspondencia. Mariquita S\u00e1nchez.\u201d<em>\u00a0Las mujeres toman la palabra. Escritura femenina del siglo XIX.<\/em>\u00a0Tomo1. Madrid: Iberoamericano, 2001. 38- 44.<\/p>\n<p>&#8212;. \u201cDatos biogr\u00e1ficos de las autoras estudiadas. Mar\u00eda S\u00e1nchez.\u201d<em>\u00a0Las mujeres toman la palabra. Escritura femenina del siglo XIX.<\/em>\u00a0Tomo1. Madrid: Iberoamericano, 2001. 203.<\/p>\n<p>Ayrolo, Valentina. &#8220;El matrimonio como inversi\u00f3n. El caso de los Mendeville-S\u00e1nchez.&#8221; Anuario de Estudios Americanos 56.1 (1999): 147-71. Web. 6 Mar. 2013.<\/p>\n<p>Batticuore, Graciela. \u201cDe la conversaci\u00f3n a la escritura. Sobre c\u00f3mo ser o devenir autora. Mariquita S\u00e1nchez.\u201d<em>\u00a0La mujer rom\u00e1ntica. Lectoras, autoras y escritoras en la Argentina:<\/em>\u00a01830 \u2013 1870. Buenos Aires: Edhasa, 2005. 175 &#8211; 221.<\/p>\n<p>&#8212;. &#8220;La cultura del trato o la casa y el alma. Mariquita S\u00e1nchez de Thompson.\u201d\u00a0<em>Revista Iberoamericana<\/em>\u00a071.210 (2005): 93-104. Web. 9 Mar. 2013.<\/p>\n<p>&#8212;.\u00a0<em>Mariquita S\u00e1nchez: bajo el signo de la revoluci\u00f3n.<\/em>\u00a0Buenos Aires: Edhasa, 2011.<\/p>\n<p>Brain, Mariana V. \u201cMariquita S\u00e1nchez de Thompson, una mujer decidida\u201d.\u00a0<em>Todo es Historia<\/em>\u00a035. 417 (2002): 38-42.Web. 5 Mar. 2013.<\/p>\n<p>Bueno, Fernanda Vitor. The Myth of Camila O\u2019Gorman in the Works of\u00a0<em>Juana Manuela Gorriti, Maria Luisa Bemberg, and Enrique Molina.<\/em>\u00a0Diss.The University of Texas at Austin, 2007. Ann Arbor: UMI, 2007.<\/p>\n<p>Cansanello, Carlos O. &#8220;Porci\u00f3n o proporci\u00f3n: un lugar femenino de la cultura pol\u00edtica en Buenos Aires.&#8221;\u00a0<em>La Aljaba Segunda \u00c9poca<\/em>\u00a09 (2004-05): 73-90. Web 10 Jan. 2013.<\/p>\n<p>Carranza, Adolfo P. Patricias Argentinas. History of women, reel 715, no. 5721. Buenos Aires: Sociedad Patricias Argentinas &#8220;Dios y patria&#8221;, 1910.<\/p>\n<p>Chambers, Sarah C. \u201cLetters and Salons: Women<em>\u00a0Reading and Writing the Nation.\u201d In Beyond Imagined Communities: Reading and Writing the Nation in Nineteenth-Century Latin America.<\/em>\u00a0Eds. Sara Castro-Klar\u00e9n, and John Charles Chasteen. Baltimore: The Johns Hopkins UP, 2003. 54-83.<\/p>\n<p>&#8212;. &#8220;Cartas y salones: Mujeres que leen y escriben la naci\u00f3n en la Sudam\u00e9rica del siglo XIX.&#8221; Araucaria 13 (2005): 77-106. Web. 10 Jan. 2013.<\/p>\n<p>Chasteen, John Charles.\u00a0<em>Americanos. Latin America\u2019s Struggle for Independence.<\/em>\u00a0New York: Oxford UP, 2008.<\/p>\n<p>Ciriza, Alejandra. &#8220;Querellas fundacionales en torno de la educaci\u00f3n y la ciudadan\u00eda de mujeres. Consideraciones sobre el caso argentino.&#8221;\u00a0<em>Praxis Educativa<\/em>\u00a0(Argentina) 12 (2008): 87-112. Web. 10 Mar. 2013.<\/p>\n<p>Delfino, Silvia. &#8220;Mariquita S\u00e1nchez de Thompson: \u00bfUna an\u00e9cdota para la cultura Argentina?\u201d<em>\u00a0Nuevo Texto Cr\u00edtico<\/em>\u00a02.4 (1989): 39-48. Web. 10 Jan. 2013.<\/p>\n<p>Dellepiane. Antonio. \u201cUna patricia de anta\u00f1o: Mar\u00eda S\u00e1nchez de Mendeville.\u201d\u00a0<em>Dos patricias ilustres.<\/em>\u00a0Buenos Aires: \u201cConi\u201d, 1923. 15-176.<\/p>\n<p>Dillon, Susana. \u201cMariquita S\u00e1nchez de Thompson.\u201d\u00a0<em>Mujeres que hicieron Am\u00e9rica: biograf\u00edas transgresoras.<\/em>\u00a0Buenos Aires: Editorial Catari, 1992. 145- 56.<\/p>\n<p>Dom\u00ednguez, Mar\u00eda A.<em>\u00a0Mariquita S\u00e1nchez: (biograf\u00eda novelada).<\/em>\u00a0Buenos Aires: El Ateneo, 1937.<\/p>\n<p>Gonz\u00e1lez Arrilli, Bernardo y Ricardo Palma. \u201cMariquita S\u00e1nchez (Un noviazgo en la Buenos Aires de 1800).\u00a0<em>Los grandes cuentistas coloniales Sud-Americanos.<\/em>\u00a0M\u00e9xico: Publicaciones Literarias Exclusivas de \u201cEl Universal Ilustrado,\u201d 1924. 13- 32.<\/p>\n<p>Guidobono, Sandra Olivero. &#8220;Mariquita S\u00e1nchez: una mujer, una vida, el nacimiento de una naci\u00f3n.&#8221;\u00a0<em>Nuevo mundo mundos nuevos. Nouveaux mondes mondes nouveaux-Novo Mundo Mundos Novos-New world New worlds.<\/em>\u00a0Debates, 18 Dic. 2012. Web. 3 Mar. 2013.<\/p>\n<p>Krmpotic, Claudia Sandra. &#8220;La performance de las mujeres en las primeras formas p\u00fablicas de protecci\u00f3n social.\u201d\u00a0<em>Scripta Ethnologica 23<\/em>\u00a0(2001): 179-200. Web. 15 Mar. 2013.<\/p>\n<p>Levene, Gustavo G.\u00a0<em>El ma\u00f1ana: escenificaci\u00f3n del romance de Esteban Echeverr\u00eda y Mariquita S\u00e1nchez: pieza en tres actos subdivididos en siete cuadros.<\/em>Buenos Aires: Compa\u00f1\u00eda General Fabril Financiera, 1975.<\/p>\n<p>L\u00f3pez Mato, Omar.<em>\u00a0City of Angels: The History of Recoleta Cemetery: A Guide to its Treasures.<\/em>\u00a0Buenos Aires: O. L\u00f3pez Mato, 2002. 116-17.<\/p>\n<p>Medina, Mar\u00eda Clara. &#8220;Loca por la independencia: g\u00e9nero y raz\u00f3n ilustrada en Mariquita S\u00e1nchez hasta su exilio (R\u00edo de la Plata, primera mitad del 1800).&#8221; Anales Nueva\u00a0<em>\u00c9poca<\/em>\u00a012 (2010): 135-64.Web. 10 Mar 2013.<\/p>\n<p>Meyer-Arana, Alberto. \u201cV. Mar\u00eda S\u00e1nchez de Mendeville.\u201d<em>\u00a0Las Primeras Trece.<\/em>\u00a0Buenos Aires: Imprenta de Ger\u00f3nimo Gerce, 1923. 47- 61.<\/p>\n<p>Mizraje, Mar\u00eda Gabriela. \u201cArgentina siglo XIX: una mujer y la corriente alucinada.\u201d Proc. for Latin American Studies Association XXIV International Congress, March 2003. Dallas, Texas. N.p.<\/p>\n<p>&#8212;. \u201cMariquita S\u00e1nchez: la carta de independencia.\u201d\u00a0<em>Argentinas de Rosas a Per\u00f3n.<\/em>\u00a0Buenos Aires: Editorial Biblos, 1999. 51-66.<\/p>\n<p>&#8212;.\u00a0<em>Mujeres: im\u00e1genes argentinas.<\/em>\u00a0Desde la gente. Buenos Aires: Instituto Movilizador de Fondos Cooperativos, 1993. 21-28.<\/p>\n<p>Museo Hist\u00f3rico Nacional (Argentina); Asociaci\u00f3n &#8220;Amigos de los Museos Hist\u00f3rico Nacional y del Cabildo.\u201d\u00a0<em>El mundo de Mariquita S\u00e1nchez: 30 octubre-23 diciembre, Museo Hist\u00f3rico Nacional.<\/em>\u00a0Buenos Aires: Asociaci\u00f3n \u201cAmigos de los Museos Hist\u00f3rico Nacional y del Cabildo\u201d, 1968.<\/p>\n<p>Navarrete Gonz\u00e1lez, Carolina Andrea. &#8220;La &#8216;otra casa&#8217; de Mariquita S\u00e1nchez: cartas, autor\u00eda femenina e influencia de la mujer en la rep\u00fablica.&#8221;<em>\u00a0Esp\u00e9culo: Revista de Estudios Literarios 43<\/em>\u00a0(2009): n. pag. Web. 5 Mar. 2013.<\/p>\n<p>Nouzeilles, Gabriela and Graciela Montaldo, eds. T<em>he Argentina Reader. History, Culture, Politics.<\/em>\u00a0London: Duke UP, 2002. 40-42.<\/p>\n<p>O&#8217;Donnell, Pacho. \u201cMariquita S\u00e1nchez: la primera rebelde.\u201d\u00a0<em>Mujeres argentinas. Buenos Aires:<\/em>\u00a0REPSOL YPF, 2006. N.p<\/p>\n<p>Paz, Gilda. Galer\u00eda de mujeres c\u00e9lebres. Buenos Aires: Corregidor, 1991. 35-37.<\/p>\n<p>Quesada, Mar\u00eda S\u00e1enz.\u00a0<em>Mariquita S\u00e1nchez: vida pol\u00edtica y sentimental.<\/em>\u00a0Buenos Aires: Sudamericana, 1995.<\/p>\n<p>Rodr\u00edguez, Teresa V. Mariquita S\u00e1nchez y Mart\u00edn Thompson: un himno a la independencia y al amor. Buenos Aires: Planeta, 2000.<\/p>\n<p>Szurmuk, Monica. \u201cUna casa, un hogar, una naci\u00f3n:\u00a0<em>Mariquita S\u00e1nchez Recuerdos del Buenos Ayres Virreynal.\u201d Miradas cruzadas: narrativas de viaje de mujeres en Argentina 1850-1930. Historia social y cultural.<\/em>\u00a0M\u00e9xico, D.F.: Instituto Mora, 2007. 31- 53.<\/p>\n<p>&#8212;. \u201cA House, a Home, a Nation: Mariquita S\u00e1nchez\u2019s\u00a0<em>Recuerdos del Buenos Ayres Virreynal.<\/em>\u201d Women in Argentina: Early Travel Narratives. Gainesville: UP of Florida, 2000. 17-38.<\/p>\n<p>&#8212;. \u201cMariquita S\u00e1nchez: cartas desde Montevideo.\u201d\u00a0<em>Mujeres en viaje: escritos y testimonios.<\/em>\u00a0Ser. Extra Alfaguara. Buenos Aires: Alfaguara, 2000. 21- 57.<\/p>\n<p>&#8212;. &#8220;Viajeras&#8221;:\u00a0<em>Women&#8217;s Travel Writing and the Construction of Self and National Identity in Argentina,<\/em>\u00a01850-1930. Diss. U of California, San Diego, 1994. Ann Arbor: UMI, 1994.<\/p>\n<p>Zaval\u00eda, Lagos J. A.<em>\u00a0Mariquita S\u00e1nchez y su tiempo.<\/em>\u00a0Buenos Aires: Plus ultra, 1986.<\/p>\n<p>Zuccotti, Liliana. &#8220;Mariquita S\u00e1nchez: el cuerpo de la memoria.&#8221;<em>\u00a0Anuario iehs<\/em>\u00a08 (1993) : 249-55.<\/p>\n<p>&nbsp;<\/p><\/div>\n<p><a href=\"https:\/\/eladd.org\/en\/wp-content\/uploads\/sites\/2\/2014\/07\/Sin-t\u00edtulo-4.png\"><img loading=\"lazy\" decoding=\"async\" class=\"aligncenter size-full wp-image-216\" src=\"https:\/\/eladd.org\/en\/wp-content\/uploads\/sites\/2\/2014\/07\/Sin-t\u00edtulo-4.png\" alt=\"Sin-t\u00edtulo-4\" width=\"260\" height=\"70\" \/><\/a><\/div>\n[\/vc_column_text][vc_single_image image=&#8221;660&#8243; alignment=&#8221;center&#8221; css=&#8221;.vc_custom_1446670823436{margin-top: 35px !important;}&#8221;][\/vc_column][\/vc_row]\n<\/div>","protected":false},"excerpt":{"rendered":"<p>[vc_row full_width=&rdquo;stretch_row&rdquo; tablet_fullwidth_cols=&rdquo;&rdquo; bg_style=&rdquo;repeat&rdquo; css=&rdquo;.vc_custom_1762917207106{background-position: 0 0 !important;background-repeat: repeat !important;}&rdquo;][vc_column][vc_column_text el_class=&rdquo;autoras__titulo&rdquo;] Mariquita S&aacute;nchez de Thompson (1786-1868) [\/vc_column_text][\/vc_column][\/vc_row][vc_row full_width=&rdquo;stretch_row&rdquo; el_id=&rdquo;cuerpo&rdquo; css=&rdquo;.vc_custom_1762917213899{background-position: center !important;background-repeat: no-repeat !important;background-size: cover !important;}&rdquo;][vc_column][vc_column_text el_class=&rdquo;autoras__texto&rdquo;] A full biographical essay is available in ELADD ESPA&Ntilde;OL under the author&rsquo;s name.&hellip;<\/p>\n","protected":false},"author":1,"featured_media":0,"parent":38,"menu_order":0,"comment_status":"closed","ping_status":"closed","template":"","meta":{"footnotes":""},"class_list":["post-85","page","type-page","status-publish","hentry","entry","no-media"],"yoast_head":"<!-- This site is optimized with the Yoast SEO plugin v26.1.1 - https:\/\/yoast.com\/wordpress\/plugins\/seo\/ -->\n<title>Mariquita S\u00e1nchez de Thompson - Eladd En<\/title>\n<meta name=\"robots\" content=\"index, follow, max-snippet:-1, max-image-preview:large, max-video-preview:-1\" \/>\n<link rel=\"canonical\" href=\"https:\/\/eladd.org\/en\/popular-authors\/mariquita-sanchez-de-thompson\/\" \/>\n<meta property=\"og:locale\" content=\"en_US\" \/>\n<meta property=\"og:type\" content=\"article\" \/>\n<meta property=\"og:title\" content=\"Mariquita S\u00e1nchez de Thompson - Eladd En\" \/>\n<meta property=\"og:description\" content=\"[vc_row full_width=&rdquo;stretch_row&rdquo; tablet_fullwidth_cols=&rdquo;&rdquo; bg_style=&rdquo;repeat&rdquo; css=&rdquo;.vc_custom_1762917207106{background-position: 0 0 !important;background-repeat: repeat !important;}&rdquo;][vc_column][vc_column_text el_class=&rdquo;autoras__titulo&rdquo;] Mariquita S&aacute;nchez de Thompson (1786-1868) [\/vc_column_text][\/vc_column][\/vc_row][vc_row full_width=&rdquo;stretch_row&rdquo; el_id=&rdquo;cuerpo&rdquo; css=&rdquo;.vc_custom_1762917213899{background-position: center !important;background-repeat: no-repeat !important;background-size: cover !important;}&rdquo;][vc_column][vc_column_text el_class=&rdquo;autoras__texto&rdquo;] A full biographical essay is available in ELADD ESPA&Ntilde;OL under the author&rsquo;s name.&hellip;\" \/>\n<meta property=\"og:url\" content=\"https:\/\/eladd.org\/en\/popular-authors\/mariquita-sanchez-de-thompson\/\" \/>\n<meta property=\"og:site_name\" content=\"Eladd En\" \/>\n<meta property=\"article:modified_time\" content=\"2025-11-12T03:13:42+00:00\" \/>\n<meta property=\"og:image\" content=\"https:\/\/eladd.org\/wp-content\/uploads\/2014\/02\/Mariquita1-220x300.png\" \/>\n<meta name=\"twitter:card\" content=\"summary_large_image\" \/>\n<meta name=\"twitter:label1\" content=\"Est. reading time\" \/>\n\t<meta name=\"twitter:data1\" content=\"6 minutes\" \/>\n<script type=\"application\/ld+json\" class=\"yoast-schema-graph\">{\"@context\":\"https:\/\/schema.org\",\"@graph\":[{\"@type\":\"WebPage\",\"@id\":\"https:\/\/eladd.org\/en\/popular-authors\/mariquita-sanchez-de-thompson\/\",\"url\":\"https:\/\/eladd.org\/en\/popular-authors\/mariquita-sanchez-de-thompson\/\",\"name\":\"Mariquita S\u00e1nchez de Thompson - Eladd En\",\"isPartOf\":{\"@id\":\"https:\/\/eladd.org\/en\/#website\"},\"primaryImageOfPage\":{\"@id\":\"https:\/\/eladd.org\/en\/popular-authors\/mariquita-sanchez-de-thompson\/#primaryimage\"},\"image\":{\"@id\":\"https:\/\/eladd.org\/en\/popular-authors\/mariquita-sanchez-de-thompson\/#primaryimage\"},\"thumbnailUrl\":\"https:\/\/eladd.org\/wp-content\/uploads\/2014\/02\/Mariquita1-220x300.png\",\"datePublished\":\"2014-07-02T19:41:06+00:00\",\"dateModified\":\"2025-11-12T03:13:42+00:00\",\"breadcrumb\":{\"@id\":\"https:\/\/eladd.org\/en\/popular-authors\/mariquita-sanchez-de-thompson\/#breadcrumb\"},\"inLanguage\":\"en-US\",\"potentialAction\":[{\"@type\":\"ReadAction\",\"target\":[\"https:\/\/eladd.org\/en\/popular-authors\/mariquita-sanchez-de-thompson\/\"]}]},{\"@type\":\"ImageObject\",\"inLanguage\":\"en-US\",\"@id\":\"https:\/\/eladd.org\/en\/popular-authors\/mariquita-sanchez-de-thompson\/#primaryimage\",\"url\":\"https:\/\/eladd.org\/wp-content\/uploads\/2014\/02\/Mariquita1-220x300.png\",\"contentUrl\":\"https:\/\/eladd.org\/wp-content\/uploads\/2014\/02\/Mariquita1-220x300.png\"},{\"@type\":\"BreadcrumbList\",\"@id\":\"https:\/\/eladd.org\/en\/popular-authors\/mariquita-sanchez-de-thompson\/#breadcrumb\",\"itemListElement\":[{\"@type\":\"ListItem\",\"position\":1,\"name\":\"Home\",\"item\":\"https:\/\/eladd.org\/en\/\"},{\"@type\":\"ListItem\",\"position\":2,\"name\":\"Popular Authors\",\"item\":\"https:\/\/eladd.org\/en\/popular-authors\/\"},{\"@type\":\"ListItem\",\"position\":3,\"name\":\"Mariquita S\u00e1nchez de Thompson\"}]},{\"@type\":\"WebSite\",\"@id\":\"https:\/\/eladd.org\/en\/#website\",\"url\":\"https:\/\/eladd.org\/en\/\",\"name\":\"Eladd En\",\"description\":\"Ninteenth-Century Latin American Women Writers\",\"publisher\":{\"@id\":\"https:\/\/eladd.org\/en\/#organization\"},\"potentialAction\":[{\"@type\":\"SearchAction\",\"target\":{\"@type\":\"EntryPoint\",\"urlTemplate\":\"https:\/\/eladd.org\/en\/?s={search_term_string}\"},\"query-input\":{\"@type\":\"PropertyValueSpecification\",\"valueRequired\":true,\"valueName\":\"search_term_string\"}}],\"inLanguage\":\"en-US\"},{\"@type\":\"Organization\",\"@id\":\"https:\/\/eladd.org\/en\/#organization\",\"name\":\"Eladd En\",\"url\":\"https:\/\/eladd.org\/en\/\",\"logo\":{\"@type\":\"ImageObject\",\"inLanguage\":\"en-US\",\"@id\":\"https:\/\/eladd.org\/en\/#\/schema\/logo\/image\/\",\"url\":\"https:\/\/eladd.org\/en\/wp-content\/uploads\/sites\/2\/2025\/07\/logo-eladd.png\",\"contentUrl\":\"https:\/\/eladd.org\/en\/wp-content\/uploads\/sites\/2\/2025\/07\/logo-eladd.png\",\"width\":324,\"height\":77,\"caption\":\"Eladd En\"},\"image\":{\"@id\":\"https:\/\/eladd.org\/en\/#\/schema\/logo\/image\/\"}}]}<\/script>\n<!-- \/ Yoast SEO plugin. -->","yoast_head_json":{"title":"Mariquita S\u00e1nchez de Thompson - Eladd En","robots":{"index":"index","follow":"follow","max-snippet":"max-snippet:-1","max-image-preview":"max-image-preview:large","max-video-preview":"max-video-preview:-1"},"canonical":"https:\/\/eladd.org\/en\/popular-authors\/mariquita-sanchez-de-thompson\/","og_locale":"en_US","og_type":"article","og_title":"Mariquita S\u00e1nchez de Thompson - Eladd En","og_description":"[vc_row full_width=&rdquo;stretch_row&rdquo; tablet_fullwidth_cols=&rdquo;&rdquo; bg_style=&rdquo;repeat&rdquo; css=&rdquo;.vc_custom_1762917207106{background-position: 0 0 !important;background-repeat: repeat !important;}&rdquo;][vc_column][vc_column_text el_class=&rdquo;autoras__titulo&rdquo;] Mariquita S&aacute;nchez de Thompson (1786-1868) [\/vc_column_text][\/vc_column][\/vc_row][vc_row full_width=&rdquo;stretch_row&rdquo; el_id=&rdquo;cuerpo&rdquo; css=&rdquo;.vc_custom_1762917213899{background-position: center !important;background-repeat: no-repeat !important;background-size: cover !important;}&rdquo;][vc_column][vc_column_text el_class=&rdquo;autoras__texto&rdquo;] A full biographical essay is available in ELADD ESPA&Ntilde;OL under the author&rsquo;s name.&hellip;","og_url":"https:\/\/eladd.org\/en\/popular-authors\/mariquita-sanchez-de-thompson\/","og_site_name":"Eladd En","article_modified_time":"2025-11-12T03:13:42+00:00","og_image":[{"url":"https:\/\/eladd.org\/wp-content\/uploads\/2014\/02\/Mariquita1-220x300.png","type":"","width":"","height":""}],"twitter_card":"summary_large_image","twitter_misc":{"Est. reading time":"6 minutes"},"schema":{"@context":"https:\/\/schema.org","@graph":[{"@type":"WebPage","@id":"https:\/\/eladd.org\/en\/popular-authors\/mariquita-sanchez-de-thompson\/","url":"https:\/\/eladd.org\/en\/popular-authors\/mariquita-sanchez-de-thompson\/","name":"Mariquita S\u00e1nchez de Thompson - Eladd En","isPartOf":{"@id":"https:\/\/eladd.org\/en\/#website"},"primaryImageOfPage":{"@id":"https:\/\/eladd.org\/en\/popular-authors\/mariquita-sanchez-de-thompson\/#primaryimage"},"image":{"@id":"https:\/\/eladd.org\/en\/popular-authors\/mariquita-sanchez-de-thompson\/#primaryimage"},"thumbnailUrl":"https:\/\/eladd.org\/wp-content\/uploads\/2014\/02\/Mariquita1-220x300.png","datePublished":"2014-07-02T19:41:06+00:00","dateModified":"2025-11-12T03:13:42+00:00","breadcrumb":{"@id":"https:\/\/eladd.org\/en\/popular-authors\/mariquita-sanchez-de-thompson\/#breadcrumb"},"inLanguage":"en-US","potentialAction":[{"@type":"ReadAction","target":["https:\/\/eladd.org\/en\/popular-authors\/mariquita-sanchez-de-thompson\/"]}]},{"@type":"ImageObject","inLanguage":"en-US","@id":"https:\/\/eladd.org\/en\/popular-authors\/mariquita-sanchez-de-thompson\/#primaryimage","url":"https:\/\/eladd.org\/wp-content\/uploads\/2014\/02\/Mariquita1-220x300.png","contentUrl":"https:\/\/eladd.org\/wp-content\/uploads\/2014\/02\/Mariquita1-220x300.png"},{"@type":"BreadcrumbList","@id":"https:\/\/eladd.org\/en\/popular-authors\/mariquita-sanchez-de-thompson\/#breadcrumb","itemListElement":[{"@type":"ListItem","position":1,"name":"Home","item":"https:\/\/eladd.org\/en\/"},{"@type":"ListItem","position":2,"name":"Popular Authors","item":"https:\/\/eladd.org\/en\/popular-authors\/"},{"@type":"ListItem","position":3,"name":"Mariquita S\u00e1nchez de Thompson"}]},{"@type":"WebSite","@id":"https:\/\/eladd.org\/en\/#website","url":"https:\/\/eladd.org\/en\/","name":"Eladd En","description":"Ninteenth-Century Latin American Women Writers","publisher":{"@id":"https:\/\/eladd.org\/en\/#organization"},"potentialAction":[{"@type":"SearchAction","target":{"@type":"EntryPoint","urlTemplate":"https:\/\/eladd.org\/en\/?s={search_term_string}"},"query-input":{"@type":"PropertyValueSpecification","valueRequired":true,"valueName":"search_term_string"}}],"inLanguage":"en-US"},{"@type":"Organization","@id":"https:\/\/eladd.org\/en\/#organization","name":"Eladd En","url":"https:\/\/eladd.org\/en\/","logo":{"@type":"ImageObject","inLanguage":"en-US","@id":"https:\/\/eladd.org\/en\/#\/schema\/logo\/image\/","url":"https:\/\/eladd.org\/en\/wp-content\/uploads\/sites\/2\/2025\/07\/logo-eladd.png","contentUrl":"https:\/\/eladd.org\/en\/wp-content\/uploads\/sites\/2\/2025\/07\/logo-eladd.png","width":324,"height":77,"caption":"Eladd En"},"image":{"@id":"https:\/\/eladd.org\/en\/#\/schema\/logo\/image\/"}}]}},"_links":{"self":[{"href":"https:\/\/eladd.org\/en\/wp-json\/wp\/v2\/pages\/85","targetHints":{"allow":["GET"]}}],"collection":[{"href":"https:\/\/eladd.org\/en\/wp-json\/wp\/v2\/pages"}],"about":[{"href":"https:\/\/eladd.org\/en\/wp-json\/wp\/v2\/types\/page"}],"author":[{"embeddable":true,"href":"https:\/\/eladd.org\/en\/wp-json\/wp\/v2\/users\/1"}],"replies":[{"embeddable":true,"href":"https:\/\/eladd.org\/en\/wp-json\/wp\/v2\/comments?post=85"}],"version-history":[{"count":9,"href":"https:\/\/eladd.org\/en\/wp-json\/wp\/v2\/pages\/85\/revisions"}],"predecessor-version":[{"id":24773,"href":"https:\/\/eladd.org\/en\/wp-json\/wp\/v2\/pages\/85\/revisions\/24773"}],"up":[{"embeddable":true,"href":"https:\/\/eladd.org\/en\/wp-json\/wp\/v2\/pages\/38"}],"wp:attachment":[{"href":"https:\/\/eladd.org\/en\/wp-json\/wp\/v2\/media?parent=85"}],"curies":[{"name":"wp","href":"https:\/\/api.w.org\/{rel}","templated":true}]}}