{"id":95,"date":"2014-07-02T20:03:22","date_gmt":"2014-07-02T20:03:22","guid":{"rendered":"https:\/\/eladd.org\/en\/?page_id=95"},"modified":"2025-11-12T03:16:52","modified_gmt":"2025-11-12T03:16:52","slug":"adela-zamudio","status":"publish","type":"page","link":"https:\/\/eladd.org\/en\/popular-authors\/adela-zamudio\/","title":{"rendered":"Adela Zamudio"},"content":{"rendered":"<div class=\"wpb-content-wrapper\">[vc_row full_width=&#8221;stretch_row&#8221; tablet_fullwidth_cols=&#8221;&#8221; bg_style=&#8221;repeat&#8221; css=&#8221;.vc_custom_1762917399626{background-position: 0 0 !important;background-repeat: repeat !important;}&#8221;][vc_column][vc_column_text el_class=&#8221;autoras__titulo&#8221;]\n<h2 style=\"text-align: center;\">Adela Zamudio<\/h2>\n<p style=\"text-align: center;\">(1854 \u2013 1928)<br \/>\n<img loading=\"lazy\" decoding=\"async\" class=\"size-full wp-image-1816 aligncenter\" src=\"\/\/eladd.org\/wp-content\/uploads\/2015\/09\/icon-space.png\" alt=\"icon-space\" width=\"150\" height=\"8\" \/>[\/vc_column_text][\/vc_column][\/vc_row][vc_row full_width=&#8221;stretch_row&#8221; el_id=&#8221;cuerpo&#8221; css=&#8221;.vc_custom_1762917406059{background-position: center !important;background-repeat: no-repeat !important;background-size: cover !important;}&#8221;][vc_column][vc_column_text el_class=&#8221;autoras__texto&#8221;]<a href=\"https:\/\/eladd.org\/en\/wp-content\/uploads\/sites\/2\/2014\/07\/200px-Adela-zamudio-184x300.jpg\"><img loading=\"lazy\" decoding=\"async\" class=\"size-full wp-image-732 aligncenter\" src=\"https:\/\/eladd.org\/en\/wp-content\/uploads\/sites\/2\/2014\/07\/200px-Adela-zamudio-184x300.jpg\" alt=\"200px-Adela-zamudio-184x300\" width=\"184\" height=\"300\" \/><\/a><br \/>\nA full biographical essay is available in Spanish in ELADD ESPA\u00d1OL under this author\u2019s name.<\/p>\n<div style=\"width: 100%; height: 3px; background: #6E6E6E; margin: 10px 0px 20px 0px; overflow: hidden;\"><\/div>\n<div class=\"img\"><img decoding=\"async\" class=\"alignright\" src=\"https:\/\/eladd.org\/wp-content\/uploads\/2014\/02\/adela_z1.jpg\" alt=\"adela_z\" \/><\/div>\n<p class=\"no-indent\"><strong>Also known as:<\/strong>\u00a0Adela Soledad Zamudio, Paz Juana Pl\u00e1cida Adela Rafaela Zamudio Ribero<\/p>\n<p class=\"no-indent\"><strong>Author\u2019s Works:\u00a0Original and Edited (Works are listed in chronological order)<\/strong><\/p>\n<p>(1887).\u00a0<em>Ensayos po\u00e9ticos de Adela Zamudio. Buenos Aires: J. Peuser.<\/em><\/p>\n<p>(1913).\u00a0<em>\u00cdntimas<\/em>. La Paz: Imprenta Velarde.<\/p>\n<p>&#8212;, ed. Leonardo Garc\u00eda Pab\u00f3n. Ser. Letras Fundacionales de Bolivia. La Paz: Plural, 1999.<\/p>\n<p>&#8212;. Ser. Letras Fundacionales de Bolivia. La Paz: Plural Editores, 2007.<\/p>\n<p>(1942). Ed. Luis Taborga.\u00a0<em>Novelas cortas<\/em>. La Paz: Editorial La Paz.<\/p>\n<p>&#8212;. La Paz: Editorial Juventud, 1973. 1979. 1998.<\/p>\n<p>(1971). Ed. G.A. Otero.<em>\u00a0Cuentos breves<\/em>. Colecci\u00f3n Popular. Ser. 11. T. 30 Oruro: Ediciones Camarlinghi.<\/p>\n<p>&#8212;. La Paz: Juventud, 1973.<\/p>\n<p>&#8212;, eds. Josep Mar\u00eda Barnadas, y Juan Jos\u00e9 Coy. La Paz: Difusi\u00f3n, 1975. 1977.<\/p>\n<p>&#8212;. Colecci\u00f3n Ayer y Hoy. La Paz: Juventud, 1985.1986.<\/p>\n<p>&#8212;. Ser. Biblioteca Literatura Boliviana. Cochabamba: Editorial Los Amigos del Libro, 1988.<\/p>\n<p>(1976).\u00a0<em>Rend\u00f3n y rond\u00edn: cuento<\/em>. Colecci\u00f3n Vendimia Ser. 6. La Paz: Ediciones ISLA.<\/p>\n<p>(1983).\u00a0<em>Noche de fiesta<\/em>. La Paz: Ediciones ISLA.<\/p>\n<p class=\"no-indent\"><strong>Critical Works and Reference Materials (Books, Book Chapters, Journal Articles, Encyclopedias, Theses\/Dissertations, Media and Internet Sources)<\/strong><\/p>\n<p>Aguirre, Lavay\u00e9n J.\u00a0<em>Adela Zamudio: guerrillera del Parnaso<\/em>. Cochabamba: Editorial Los Amigos del Libro, 1980.<\/p>\n<p>Anasagasti, P. D. \u201cLa vena religiosa en la poes\u00eda de Adela Zamudio.\u201d<em>\u00a0Signo 24<\/em>\u00a0(1988): 107- 127. Web. 9 Abr. 2013.<\/p>\n<p>Ayll\u00f3n, Virginia. &#8220;Cuatro novelistas bolivianas abriendo y cerrando el siglo XX.&#8221;\u00a0<em>Mujeres que escriben en Am\u00e9rica Latina<\/em>. Ed. Sara Beatriz Guardia. Lima: CEHMAL, 2007. 313-324.<\/p>\n<p>&#8212;. \u201cFin de siglo XIX en Bolivia: aproximaci\u00f3n comparativa de las narrativas de Linaura Anzo\u00e1tegui de Campero y Adela Zamudio.\u201d<em>Escritoras del siglo XIX en Am\u00e9rica Latina<\/em>. Ed. y Comp. Sara Beatriz Guardia. Lima: CEMHAL, 2012. 399-403. Web. 12 Abril. 2013.<\/p>\n<p>Ayll\u03ccn, Virginia, y Cecilia Olivares. \u201cLas suicidas: Lindaura Anzo\u00e1tegui, Adela Zamudio, Mar\u00eda Virginia Estensoro e Hilda Mundy.\u201d<em>\u00a0Hacia una historia cr\u00edtica de la literatura en Bolivia<\/em>. Eds. Rodolfo Ortiz, Alba Mar\u00eda Paz Sold\u00e1n, Omar Rocha Olivio, y Blanca Wieth\u00fcchter. Programa de Investigaci\u00f3n Estrat\u00e9gica en Bolivia, Nr. 15. T. 2. La Paz: PIEB, (2002): 149-183.<\/p>\n<p>Barnadas, Josep M. y Juan J. Coy.\u00a0<em>Adela Zamudio: Cuentos breves: esquema metodol\u00f3gico de aproximaci\u00f3n a la narrativa boliviana.<\/em>\u00a0Colecci\u00f3n Estudios Cr\u00edticos. Ser. 9. Cochabamba: Editorial Los Amigos del Libro, 1977.<\/p>\n<p>Caball\u00e9, Anna, et al.<em>\u00a0La pluma como espada<\/em>. La vida escrita por las mujeres. Ser. 3. Barcelona: Lumen, 2004. 303-323.<\/p>\n<p>Caj\u00edas, Dora.\u00a0<em>Adela Zamudio: transgresora de su tiempo<\/em>. La Paz: Ministerio de Desarrollo Humano, Secretar\u00eda de Asuntos \u00c9tnicos, de G\u00e9nero y Generacionales, Subsecretar\u00eda de Asuntos de G\u00e9nero, 1997.<\/p>\n<p>Canonge, H\u00e9ctor A. \u201cDos \u2018trilog\u00edas po\u00e9ticas\u2019 bolivianas de la resistencia: el rechazo amoroso y patriarcal en la poes\u00eda de Mar\u00eda Josefa Muj\u00eda y Adela Zamudio.\u201d<em>\u00a0La voz de la mujer en la literatura hispanoamericana fin-de-siglo<\/em>. Ed. Luis Jim\u00e9nez. San Jos\u00e9: Editorial de la Universidad de Costa Rica, 1999. 19-33.<\/p>\n<p>Cardona Torrico, Alcira. \u201cEvocaci\u00f3n de Adela Zamudio.\u201d<em>\u00a0Signo 28<\/em>\u00a0(1989):143-149. Casta\u00f1\u00f3n Barrientos, Carlos. \u201cParalelo entre Mar\u00eda Josefa Muj\u00eda y Adela Zamudio.\u201d Signo 50 (1997): 161-166.<\/p>\n<p>Casta\u00f1\u00f3n Barrientos, Carlos. \u201cParalelo entre Mar\u00eda Josefa Muj\u00eda y Adela Zamudio.\u201d\u00a0<em>Signo 50<\/em>\u00a0(1997): 161-166.<\/p>\n<p>Cypess, Sandra Messinger. &#8220;Visual and Verbal Distances: The Woman Poet in a Patriarchal Culture.&#8221;<em>\u00a0Revista\/Review Interamericana<\/em>\u00a012.1 (1982): 150-157. Web. 9 Apr. 2013.<\/p>\n<p>Echenique, Mar\u00eda Elva.\u00a0<em>Si nos permiten hablar: narradoras bolivianas del siglo XX<\/em>. Diss. U of Oregon, 2002. Ann Arbor: UMI, 2002.<\/p>\n<p>&#8212;. \u201cLas otras caras de la naci\u00f3n:\u00a0<em>\u00cdntimas<\/em>\u00a0de Adela Zamudio. \u201c<em>Letras Femeninas<\/em>\u00a033.2 (2007): 87-98. Web. 11 Abr. 2013.<\/p>\n<p>&#8212;. \u201cAdela Zamudio y la cr\u00edtica literaria en Bolivia.\u201d\u00a0<em>Retomando la palabra: las pioneras del diecinueve en di\u00e1logo con la cr\u00edtica contempor\u00e1nea.<\/em>\u00a0Eds. Claire E. Martin y Mar\u00eda Nelly Goswitz. Madrid: Iberoamericana, 2012. 305-319.<\/p>\n<p>Escaja, Tina. &#8220;Po\u00e9tica de la resistencia en Adela Zamudio.\u201d<em>\u00a0Bulletin of Hispanic Studies 80.2<\/em>\u00a0(2003): 233-246. Web. 9 Apr. 2013.<\/p>\n<p>Felix, Angela Renee.\u00a0<em>La tem\u00e1tica subversiva en la poes\u00eda de Adela Zamudio. Diss.<\/em>\u00a0Arizona State U, 1994. Ann Arbor: UMI, 1994.<\/p>\n<p>Garc\u00eda Pab\u00f3n, Leonardo. \u201cM\u00e1scaras, cartas y escritura femenina: Adela Zamudio en la naci\u00f3n patriarcal.\u201d<em>\u00a0La patria \u00edntima: alegor\u00edas nacionales en la literatura y el cine de Bolivia.<\/em>\u00a0La Paz: Plural CESU, 1998. 95-108.<\/p>\n<p>&#8212;. \u201cSociedad e intimidad femenina.\u201d\u00a0<em>Romance Languages Annual<\/em>\u00a05 (1993): 401-407.<\/p>\n<p>Grau Llever\u00eda, Elena. \u201cEntre el modernismo y el patriarcado: \u00cdntimas de Adela Zamudio.\u201d\u00a0<em>Las olvidadas: mujer y modernismo: narradoras de entre siglos<\/em>. Barcelona: PPU, Promociones Publicaciones Universitarias, 2008. 122-148.<\/p>\n<p>Guzm\u00e1n, Augusto.\u00a0<em>Adela Zamudio, biograf\u00eda de una mujer ilustre.<\/em>\u00a0La Paz: Juventud, 1955.<\/p>\n<p>Hippert, Christine. Identity and Development in Rural Bolivia:\u00a0<em>Negotiating Gender, Ethnicity, and Class in Development Contexts. Diss<\/em>. U of Pittsburgh, 2007. Ann Arbor: UMI, 2007.<\/p>\n<p>Honorable Alcald\u00eda Municipal de Cochabamba.\u00a0<em>Homenaje a Adela Zamudio: poeta, educadora, polemista<\/em>. Ed. Eduardo Ocampo Moscoso. Cochabamba: Editorial Canelas, 1977.<\/p>\n<p>Mel\u00e9ndez, Mariselle. &#8220;Obreras del pensamiento y educadoras de la naci\u00f3n: el sujeto femenino en la ensay\u00edstica femenina decimon\u00f3nica de transici\u00f3n.&#8221;\u00a0<em>Revista Iberoamericana<\/em>\u00a064.184-185 (1998): 573-586. Web. 9 Apr. 2013.<\/p>\n<p>McBride, Mary Bridget.\u00a0<em>Prefeminist Discourse in Short Fiction by Andean Women Writers<\/em>. Diss. U of Texas at Austin, 1994. Ann Arbor: UMI, 1994.<\/p>\n<p>Mu\u00f1oz, Willy. \u201cAdela Zamudio: una vida y obra feminista.\u201d\u00a0<em>Escritoras del siglo XIX en Am\u00e9rica Latina<\/em>. Ed. y Comp. Sara Beatriz Guardia. Lima: Centro de Estudios La Mujer en la Historia de Am\u00e9rica Latina (CEMHAL), 2012. 383-398. Web. 16 Jan. 2013.<\/p>\n<p>&#8212;.<em>\u00a0Cuentistas bolivianas: la otra tradici\u00f3n literaria.<\/em>\u00a0Santa Cruz: El Pa\u00eds, 2007.<\/p>\n<p>&#8211;.\u00a0<em>La narrativa de Adela Zamudio<\/em>. Bolivia: La Hoguera Editorial, 2003.<\/p>\n<p>Ocampo Moscoso, Eduardo, et al.\u00a0<em>Adela Zamudio<\/em>. Colecci\u00f3n Juvenil de biograf\u00edas breves. Ser. 5. La Paz: Ultima Hora, 1981.<\/p>\n<p>Oscreve, Fredy.\u00a0<em>Los mejores cuentistas bolivianos del milenio<\/em>. La Paz: Librer\u00eda Editorial Am\u00e9rica, 2002.<\/p>\n<p>Ovando, Gabriela. \u201cThree Women Articulating their Voices from El Chaupi in Upper Per\u00fa and Bolivia: Catalina de Erauso, Adela Zamudio and Domitila Changar\u00e1.\u201d Identity, Nation, Discourse:\u00a0<em>Latin American Women Writers and Artists.<\/em>\u00a0Ed. Claire Taylor. Cambridge Scholars Publishing, 2005. 87-101.<\/p>\n<p>&#8212;. &#8220;Tres mujeres que articulan sus voces desde El Chaupi en el Alto Per\u00fa y Bolivia.&#8221;\u00a0<em>Revista Nuestra Am\u00e9rica<\/em>\u00a03 (2007): 53-66. Web. 9 Apr. 2013.<\/p>\n<p>Paredes, Alfonsina.<em>\u00a0Soledad o Adela Zamudio<\/em>. T. 9. La Paz: Ediciones ISLA, 1968.<\/p>\n<p>Paz Sold\u00e1n, Alba Mar\u00eda. \u201cAdela Zamudio: imagen y escritura.\u201d\u00a0<em>Revista Ciencia y Cultura<\/em>\u00a024 (2010): 137-150.<\/p>\n<p>Portugal Tarifa, Gonzalo. \u201cAdela Zamudio: encuentro por ausencia.\u201d\u00a0<em>Di\u00e1logos sobre escritura y mujeres<\/em>. Eds. Ana Rebeca Prada, Virginia Ayll\u00f3n, y Pilar Contreras. La Paz: Editorial Sierpe. 123- 134.<\/p>\n<p>Preble-Niemi, Oralia. \u201cAdela Zamudio: poeta y feminista.\u201d\u00a0<em>La voz de la mujer en la literatura hispanoamericana fin-de-siglo<\/em>. Ed. Luis Jim\u00e9nez. San Jos\u00e9: Editorial de la Universidad de Costa Rica, 1999. 35-47.<\/p>\n<p>Rivera Rodas, Oscar. \u201cAdela Zamudio.\u201d\u00a0<em>La poes\u00eda hispanoamericana del siglo XIX (del Romanticismo al Modernismo)<\/em>. Madrid: Alhambra, 1987. 188-202.<\/p>\n<p>Serna, Mercedes. &#8220;Modernismo y\/o transgresi\u00f3n en las obras de Adela Zamudio, Eugenia Vaz Ferreira, Juana Borrero y Delmira Agustini.&#8221;\u00a0<em>Habana Elegante<\/em>\u00a036. (2006). n.pag.<\/p>\n<p>Taborga de Villarroel, Gabriela.<em>\u00a0La verdadera Adela Zamudio<\/em>. Cochabamba: Editorial Canelas, 1981.<\/p>\n<p>Tenorio, Mar\u00eda, y Fernando Unzueta. \u201cAdela Zamudio (Soledad).\u201d\u00a0<em>Modern Spanish American Poets: First Series.<\/em>\u00a0Detroit: Gale, 2003. 361-66.<\/p>\n<p>Villa G\u00f3mez, Mar\u00eda-Dora Caj\u00edas de. &#8220;Billetes: cinco bolivianos: Adela Zamudio, ausente, pero no perdida.&#8221;\u00a0<em>Bolet\u00edn Cient\u00edfico Sapiens Research<\/em>\u00a01.2 (2011): 4-5.<\/p>\n<p><a href=\"https:\/\/eladd.org\/en\/wp-content\/uploads\/sites\/2\/2014\/07\/Sin-t\u00edtulo-4.png\"><img loading=\"lazy\" decoding=\"async\" class=\"aligncenter size-full wp-image-216\" src=\"https:\/\/eladd.org\/en\/wp-content\/uploads\/sites\/2\/2014\/07\/Sin-t\u00edtulo-4.png\" alt=\"Sin-t\u00edtulo-4\" width=\"260\" height=\"70\" \/><\/a>[\/vc_column_text][vc_single_image image=&#8221;660&#8243; alignment=&#8221;center&#8221; css=&#8221;.vc_custom_1446670823436{margin-top: 35px !important;}&#8221;][\/vc_column][\/vc_row]\n<\/div>","protected":false},"excerpt":{"rendered":"<p>[vc_row full_width=&rdquo;stretch_row&rdquo; tablet_fullwidth_cols=&rdquo;&rdquo; bg_style=&rdquo;repeat&rdquo; css=&rdquo;.vc_custom_1762917399626{background-position: 0 0 !important;background-repeat: repeat !important;}&rdquo;][vc_column][vc_column_text el_class=&rdquo;autoras__titulo&rdquo;] Adela Zamudio (1854 &ndash; 1928) [\/vc_column_text][\/vc_column][\/vc_row][vc_row full_width=&rdquo;stretch_row&rdquo; el_id=&rdquo;cuerpo&rdquo; css=&rdquo;.vc_custom_1762917406059{background-position: center !important;background-repeat: no-repeat !important;background-size: cover !important;}&rdquo;][vc_column][vc_column_text el_class=&rdquo;autoras__texto&rdquo;] A full biographical essay is available in Spanish in ELADD ESPA&Ntilde;OL under this&hellip;<\/p>\n","protected":false},"author":1,"featured_media":0,"parent":38,"menu_order":0,"comment_status":"closed","ping_status":"closed","template":"","meta":{"footnotes":""},"class_list":["post-95","page","type-page","status-publish","hentry","entry","no-media"],"yoast_head":"<!-- This site is optimized with the Yoast SEO plugin v26.1.1 - https:\/\/yoast.com\/wordpress\/plugins\/seo\/ -->\n<title>Adela Zamudio - Eladd En<\/title>\n<meta name=\"robots\" content=\"index, follow, max-snippet:-1, max-image-preview:large, max-video-preview:-1\" \/>\n<link rel=\"canonical\" href=\"https:\/\/eladd.org\/en\/popular-authors\/adela-zamudio\/\" \/>\n<meta property=\"og:locale\" content=\"en_US\" \/>\n<meta property=\"og:type\" content=\"article\" \/>\n<meta property=\"og:title\" content=\"Adela Zamudio - Eladd En\" \/>\n<meta property=\"og:description\" content=\"[vc_row full_width=&rdquo;stretch_row&rdquo; tablet_fullwidth_cols=&rdquo;&rdquo; bg_style=&rdquo;repeat&rdquo; css=&rdquo;.vc_custom_1762917399626{background-position: 0 0 !important;background-repeat: repeat !important;}&rdquo;][vc_column][vc_column_text el_class=&rdquo;autoras__titulo&rdquo;] Adela Zamudio (1854 &ndash; 1928) [\/vc_column_text][\/vc_column][\/vc_row][vc_row full_width=&rdquo;stretch_row&rdquo; el_id=&rdquo;cuerpo&rdquo; css=&rdquo;.vc_custom_1762917406059{background-position: center !important;background-repeat: no-repeat !important;background-size: cover !important;}&rdquo;][vc_column][vc_column_text el_class=&rdquo;autoras__texto&rdquo;] A full biographical essay is available in Spanish in ELADD ESPA&Ntilde;OL under this&hellip;\" \/>\n<meta property=\"og:url\" content=\"https:\/\/eladd.org\/en\/popular-authors\/adela-zamudio\/\" \/>\n<meta property=\"og:site_name\" content=\"Eladd En\" \/>\n<meta property=\"article:modified_time\" content=\"2025-11-12T03:16:52+00:00\" \/>\n<meta property=\"og:image\" content=\"https:\/\/eladd.org\/en\/wp-content\/uploads\/sites\/2\/2014\/07\/200px-Adela-zamudio-184x300.jpg\" \/>\n<meta name=\"twitter:card\" content=\"summary_large_image\" \/>\n<meta name=\"twitter:label1\" content=\"Est. reading time\" \/>\n\t<meta name=\"twitter:data1\" content=\"6 minutes\" \/>\n<script type=\"application\/ld+json\" class=\"yoast-schema-graph\">{\"@context\":\"https:\/\/schema.org\",\"@graph\":[{\"@type\":\"WebPage\",\"@id\":\"https:\/\/eladd.org\/en\/popular-authors\/adela-zamudio\/\",\"url\":\"https:\/\/eladd.org\/en\/popular-authors\/adela-zamudio\/\",\"name\":\"Adela Zamudio - Eladd En\",\"isPartOf\":{\"@id\":\"https:\/\/eladd.org\/en\/#website\"},\"primaryImageOfPage\":{\"@id\":\"https:\/\/eladd.org\/en\/popular-authors\/adela-zamudio\/#primaryimage\"},\"image\":{\"@id\":\"https:\/\/eladd.org\/en\/popular-authors\/adela-zamudio\/#primaryimage\"},\"thumbnailUrl\":\"https:\/\/eladd.org\/en\/wp-content\/uploads\/sites\/2\/2014\/07\/200px-Adela-zamudio-184x300.jpg\",\"datePublished\":\"2014-07-02T20:03:22+00:00\",\"dateModified\":\"2025-11-12T03:16:52+00:00\",\"breadcrumb\":{\"@id\":\"https:\/\/eladd.org\/en\/popular-authors\/adela-zamudio\/#breadcrumb\"},\"inLanguage\":\"en-US\",\"potentialAction\":[{\"@type\":\"ReadAction\",\"target\":[\"https:\/\/eladd.org\/en\/popular-authors\/adela-zamudio\/\"]}]},{\"@type\":\"ImageObject\",\"inLanguage\":\"en-US\",\"@id\":\"https:\/\/eladd.org\/en\/popular-authors\/adela-zamudio\/#primaryimage\",\"url\":\"https:\/\/eladd.org\/en\/wp-content\/uploads\/sites\/2\/2014\/07\/200px-Adela-zamudio-184x300.jpg\",\"contentUrl\":\"https:\/\/eladd.org\/en\/wp-content\/uploads\/sites\/2\/2014\/07\/200px-Adela-zamudio-184x300.jpg\"},{\"@type\":\"BreadcrumbList\",\"@id\":\"https:\/\/eladd.org\/en\/popular-authors\/adela-zamudio\/#breadcrumb\",\"itemListElement\":[{\"@type\":\"ListItem\",\"position\":1,\"name\":\"Home\",\"item\":\"https:\/\/eladd.org\/en\/\"},{\"@type\":\"ListItem\",\"position\":2,\"name\":\"Popular Authors\",\"item\":\"https:\/\/eladd.org\/en\/popular-authors\/\"},{\"@type\":\"ListItem\",\"position\":3,\"name\":\"Adela Zamudio\"}]},{\"@type\":\"WebSite\",\"@id\":\"https:\/\/eladd.org\/en\/#website\",\"url\":\"https:\/\/eladd.org\/en\/\",\"name\":\"Eladd En\",\"description\":\"Ninteenth-Century Latin American Women Writers\",\"publisher\":{\"@id\":\"https:\/\/eladd.org\/en\/#organization\"},\"potentialAction\":[{\"@type\":\"SearchAction\",\"target\":{\"@type\":\"EntryPoint\",\"urlTemplate\":\"https:\/\/eladd.org\/en\/?s={search_term_string}\"},\"query-input\":{\"@type\":\"PropertyValueSpecification\",\"valueRequired\":true,\"valueName\":\"search_term_string\"}}],\"inLanguage\":\"en-US\"},{\"@type\":\"Organization\",\"@id\":\"https:\/\/eladd.org\/en\/#organization\",\"name\":\"Eladd En\",\"url\":\"https:\/\/eladd.org\/en\/\",\"logo\":{\"@type\":\"ImageObject\",\"inLanguage\":\"en-US\",\"@id\":\"https:\/\/eladd.org\/en\/#\/schema\/logo\/image\/\",\"url\":\"https:\/\/eladd.org\/en\/wp-content\/uploads\/sites\/2\/2025\/07\/logo-eladd.png\",\"contentUrl\":\"https:\/\/eladd.org\/en\/wp-content\/uploads\/sites\/2\/2025\/07\/logo-eladd.png\",\"width\":324,\"height\":77,\"caption\":\"Eladd En\"},\"image\":{\"@id\":\"https:\/\/eladd.org\/en\/#\/schema\/logo\/image\/\"}}]}<\/script>\n<!-- \/ Yoast SEO plugin. -->","yoast_head_json":{"title":"Adela Zamudio - Eladd En","robots":{"index":"index","follow":"follow","max-snippet":"max-snippet:-1","max-image-preview":"max-image-preview:large","max-video-preview":"max-video-preview:-1"},"canonical":"https:\/\/eladd.org\/en\/popular-authors\/adela-zamudio\/","og_locale":"en_US","og_type":"article","og_title":"Adela Zamudio - Eladd En","og_description":"[vc_row full_width=&rdquo;stretch_row&rdquo; tablet_fullwidth_cols=&rdquo;&rdquo; bg_style=&rdquo;repeat&rdquo; css=&rdquo;.vc_custom_1762917399626{background-position: 0 0 !important;background-repeat: repeat !important;}&rdquo;][vc_column][vc_column_text el_class=&rdquo;autoras__titulo&rdquo;] Adela Zamudio (1854 &ndash; 1928) [\/vc_column_text][\/vc_column][\/vc_row][vc_row full_width=&rdquo;stretch_row&rdquo; el_id=&rdquo;cuerpo&rdquo; css=&rdquo;.vc_custom_1762917406059{background-position: center !important;background-repeat: no-repeat !important;background-size: cover !important;}&rdquo;][vc_column][vc_column_text el_class=&rdquo;autoras__texto&rdquo;] A full biographical essay is available in Spanish in ELADD ESPA&Ntilde;OL under this&hellip;","og_url":"https:\/\/eladd.org\/en\/popular-authors\/adela-zamudio\/","og_site_name":"Eladd En","article_modified_time":"2025-11-12T03:16:52+00:00","og_image":[{"url":"https:\/\/eladd.org\/en\/wp-content\/uploads\/sites\/2\/2014\/07\/200px-Adela-zamudio-184x300.jpg","type":"","width":"","height":""}],"twitter_card":"summary_large_image","twitter_misc":{"Est. reading time":"6 minutes"},"schema":{"@context":"https:\/\/schema.org","@graph":[{"@type":"WebPage","@id":"https:\/\/eladd.org\/en\/popular-authors\/adela-zamudio\/","url":"https:\/\/eladd.org\/en\/popular-authors\/adela-zamudio\/","name":"Adela Zamudio - Eladd En","isPartOf":{"@id":"https:\/\/eladd.org\/en\/#website"},"primaryImageOfPage":{"@id":"https:\/\/eladd.org\/en\/popular-authors\/adela-zamudio\/#primaryimage"},"image":{"@id":"https:\/\/eladd.org\/en\/popular-authors\/adela-zamudio\/#primaryimage"},"thumbnailUrl":"https:\/\/eladd.org\/en\/wp-content\/uploads\/sites\/2\/2014\/07\/200px-Adela-zamudio-184x300.jpg","datePublished":"2014-07-02T20:03:22+00:00","dateModified":"2025-11-12T03:16:52+00:00","breadcrumb":{"@id":"https:\/\/eladd.org\/en\/popular-authors\/adela-zamudio\/#breadcrumb"},"inLanguage":"en-US","potentialAction":[{"@type":"ReadAction","target":["https:\/\/eladd.org\/en\/popular-authors\/adela-zamudio\/"]}]},{"@type":"ImageObject","inLanguage":"en-US","@id":"https:\/\/eladd.org\/en\/popular-authors\/adela-zamudio\/#primaryimage","url":"https:\/\/eladd.org\/en\/wp-content\/uploads\/sites\/2\/2014\/07\/200px-Adela-zamudio-184x300.jpg","contentUrl":"https:\/\/eladd.org\/en\/wp-content\/uploads\/sites\/2\/2014\/07\/200px-Adela-zamudio-184x300.jpg"},{"@type":"BreadcrumbList","@id":"https:\/\/eladd.org\/en\/popular-authors\/adela-zamudio\/#breadcrumb","itemListElement":[{"@type":"ListItem","position":1,"name":"Home","item":"https:\/\/eladd.org\/en\/"},{"@type":"ListItem","position":2,"name":"Popular Authors","item":"https:\/\/eladd.org\/en\/popular-authors\/"},{"@type":"ListItem","position":3,"name":"Adela Zamudio"}]},{"@type":"WebSite","@id":"https:\/\/eladd.org\/en\/#website","url":"https:\/\/eladd.org\/en\/","name":"Eladd En","description":"Ninteenth-Century Latin American Women Writers","publisher":{"@id":"https:\/\/eladd.org\/en\/#organization"},"potentialAction":[{"@type":"SearchAction","target":{"@type":"EntryPoint","urlTemplate":"https:\/\/eladd.org\/en\/?s={search_term_string}"},"query-input":{"@type":"PropertyValueSpecification","valueRequired":true,"valueName":"search_term_string"}}],"inLanguage":"en-US"},{"@type":"Organization","@id":"https:\/\/eladd.org\/en\/#organization","name":"Eladd En","url":"https:\/\/eladd.org\/en\/","logo":{"@type":"ImageObject","inLanguage":"en-US","@id":"https:\/\/eladd.org\/en\/#\/schema\/logo\/image\/","url":"https:\/\/eladd.org\/en\/wp-content\/uploads\/sites\/2\/2025\/07\/logo-eladd.png","contentUrl":"https:\/\/eladd.org\/en\/wp-content\/uploads\/sites\/2\/2025\/07\/logo-eladd.png","width":324,"height":77,"caption":"Eladd En"},"image":{"@id":"https:\/\/eladd.org\/en\/#\/schema\/logo\/image\/"}}]}},"_links":{"self":[{"href":"https:\/\/eladd.org\/en\/wp-json\/wp\/v2\/pages\/95","targetHints":{"allow":["GET"]}}],"collection":[{"href":"https:\/\/eladd.org\/en\/wp-json\/wp\/v2\/pages"}],"about":[{"href":"https:\/\/eladd.org\/en\/wp-json\/wp\/v2\/types\/page"}],"author":[{"embeddable":true,"href":"https:\/\/eladd.org\/en\/wp-json\/wp\/v2\/users\/1"}],"replies":[{"embeddable":true,"href":"https:\/\/eladd.org\/en\/wp-json\/wp\/v2\/comments?post=95"}],"version-history":[{"count":11,"href":"https:\/\/eladd.org\/en\/wp-json\/wp\/v2\/pages\/95\/revisions"}],"predecessor-version":[{"id":24777,"href":"https:\/\/eladd.org\/en\/wp-json\/wp\/v2\/pages\/95\/revisions\/24777"}],"up":[{"embeddable":true,"href":"https:\/\/eladd.org\/en\/wp-json\/wp\/v2\/pages\/38"}],"wp:attachment":[{"href":"https:\/\/eladd.org\/en\/wp-json\/wp\/v2\/media?parent=95"}],"curies":[{"name":"wp","href":"https:\/\/api.w.org\/{rel}","templated":true}]}}