{"id":98,"date":"2014-07-02T20:08:37","date_gmt":"2014-07-02T20:08:37","guid":{"rendered":"https:\/\/eladd.org\/en\/?page_id=98"},"modified":"2025-11-12T02:57:58","modified_gmt":"2025-11-12T02:57:58","slug":"other-authors","status":"publish","type":"page","link":"https:\/\/eladd.org\/en\/other-authors\/","title":{"rendered":"Other Authors"},"content":{"rendered":"<div class=\"wpb-content-wrapper\">[vc_row full_width=&#8221;stretch_row&#8221; bg_style=&#8221;repeat&#8221; el_id=&#8221;other-authors&#8221; css=&#8221;.vc_custom_1762916272778{background-position: 0 0 !important;background-repeat: repeat !important;}&#8221;][vc_column][vc_column_text el_class=&#8221;seccion__titulo&#8221;]\n<h1 style=\"text-align: center;\">Other Authors<\/h1>\n<p><img loading=\"lazy\" decoding=\"async\" class=\"aligncenter size-full wp-image-659\" src=\"https:\/\/eladd.org\/en\/wp-content\/uploads\/sites\/2\/2015\/09\/icon-space.png\" alt=\"icon-space\" width=\"150\" height=\"8\" \/>[\/vc_column_text][vc_column_text css=&#8221;.vc_custom_1613237631083{margin-bottom: 35px !important;}&#8221; el_class=&#8221;seccion__texto seccion__titulo&#8221;]\n<h3 class=\"p1\">Criteria for Selection<\/h3>\n<p><img loading=\"lazy\" decoding=\"async\" class=\"alignleft size-full wp-image-1892\" src=\"https:\/\/eladd.org\/wp-content\/uploads\/2014\/02\/titulos-puntos.png\" alt=\"titulos-puntos\" width=\"66\" height=\"5\" \/><\/p>\n<p class=\"p1\">Our criteria for the selection of this list of lesser-known writers were based on the paucity of articles, dissertations, editions, and general publications on these women writers, and in no way reflect the merit or worth of the authors and their works. If there are mistakes or undeserved absences, we hope that our future collaborators would help us to amend these errors.<\/p>\n[\/vc_column_text][vc_row_inner][vc_column_inner width=&#8221;1\/2&#8243; style=&#8221;default&#8221; visibility=&#8221;&#8221; css_animation=&#8221;&#8221; drop_shadow=&#8221;&#8221; bg_style=&#8221;stretch&#8221;][vc_column_text css=&#8221;.vc_custom_1446761435806{background-image: url(https:\/\/eladd.org\/en\/wp-content\/uploads\/sites\/2\/2014\/07\/icon-check-verde.png?id=744) !important;}&#8221; el_class=&#8221;seccion__texto lista-icon&#8221;]Born before 1880[\/vc_column_text][vc_column_text css=&#8221;.vc_custom_1446761416452{background-image: url(https:\/\/eladd.org\/en\/wp-content\/uploads\/sites\/2\/2014\/07\/icon-check-verde.png?id=744) !important;}&#8221; el_class=&#8221;seccion__texto lista-icon&#8221;]Published the majority of their work in the XIX Century[\/vc_column_text][vc_column_text css=&#8221;.vc_custom_1550675570699{padding-top: 30px !important;padding-left: 25px !important;}&#8221; el_class=&#8221;lista-autoras&#8221;]\n<ul>\n<li><a title=\"Josefa Acevedo de G\u00f3mez\" href=\"https:\/\/eladd.org\/en\/josefa-acevedo-de-gomez\/\">Josefa Acevedo de G\u00f3mez <\/a>(Colombia, 1803-1861)<\/li>\n<li><a title=\"Ana Lu\u00edsa de Azevedo Castro\" href=\"https:\/\/eladd.org\/en\/ana-luisa-de-azevedo-castro\/\">Ana Luisa Azevedo Castro <\/a>(Brazil, 1823-1869)<\/li>\n<li><a title=\"Mar\u00eda Benedita Bormann\" href=\"https:\/\/eladd.org\/en\/maria-benedita-bormann\/\">Mar\u00eda Benedita (D\u00e9lia) Bormann <\/a>(Brazil, 1853-1895)<\/li>\n<li><a title=\"Juana Borrero\" href=\"https:\/\/eladd.org\/en\/juana-borrero\/\">Juana Borrero<\/a> (Cuba, 1877-1896)<\/li>\n<li><a title=\"Zoila Aurora C\u00e1ceres\" href=\"https:\/\/eladd.org\/en\/zoila-aurora-caceres\/\">Zoila Aurora C\u00e1ceres<\/a> (Peru, 1877-1958)<\/li>\n<li><a title=\"Pomiana Camacho de Figueredo\" href=\"https:\/\/eladd.org\/en\/pomiana-camacho-de-figueredo\/\">Pomiana Camacho de Figueredo<\/a> (Colombia, 1841-1889)<\/li>\n<li><a href=\"https:\/\/eladd.org\/en\/other-authors\/isabel-carrasquilla\/\">Isabel Carrasquilla<\/a>\u00a0(Colombia 1865-1941)<\/li>\n<li><a title=\"Aurelia Castillo de Gonz\u00e1lez\" href=\"https:\/\/eladd.org\/en\/aurelia-castillo-de-gonzalez\/\">Aurelia Castillo de Gonz\u00e1lez<\/a> (Cuba, 1842-1920)<\/li>\n<li><a title=\"\u00darsula C\u00e9spedes de Esca\u00f1averino\" href=\"https:\/\/eladd.org\/en\/ursula-cespedes-de-escanaverino\/\">\u00darsula C\u00e9spedes de Esca\u00f1averino<\/a> (Cuba, 1832-1874)<\/li>\n<li><a title=\"Dolores Correa Zapata\" href=\"https:\/\/eladd.org\/en\/dolores-correa-zapata\/\">Dolores Correa Zapata<\/a> (Mexico, 1853-1924)<\/li>\n<li><a title=\"Mariana Cox Stuven\" href=\"https:\/\/eladd.org\/en\/mariana-cox-stuven\/\">Mariana Cox Stuven <\/a>(Chile, 1871-1914)<\/li>\n<li><a title=\"Mar\u00eda Cruz\" href=\"https:\/\/eladd.org\/en\/maria-cruz\/\">Mar\u00eda Cruz<\/a> (Guatemala, (1876- 1915)<\/li>\n<li><a title=\"Francisca Carlota Cu\u00e9llar\" href=\"https:\/\/eladd.org\/en\/francisca-carlota-cuellar\/\">Francisca Carlota Cu\u00e9llar<\/a> (Mexico, 1861-?)<\/li>\n<li><a title=\"Waldina D\u00e1vila de Ponce de Le\u00f3n\" href=\"https:\/\/eladd.org\/en\/waldina-davila-de-ponce-de-leon\/\">Waldina D\u00e1vila de Ponce de Le\u00f3n <\/a>(Colombia, 1823-1900)<\/li>\n<li><a href=\"https:\/\/eladd.org\/en\/other-authors\/maipina-de-la-barra\/\">Maipina de la Barra<\/a>\u00a0(Chile\/Par\u00eds 1834-Bs.As. 1904)<\/li>\n<li><a title=\"Emilia Moncorvo Bandeira de Melo\" href=\"https:\/\/eladd.org\/en\/emilia-moncorvo-bandeira-de-melo\/\">Carmen Dolores (Emilia Moncorvo Bandeira de Melo)<\/a> (Brazil, 1852- 1910)<\/li>\n<li><a title=\"Silveria Espinosa de Rend\u00f3n\" href=\"https:\/\/eladd.org\/en\/silveria-espinosa-de-rendon\/\">Silveria Espinosa de Rend\u00f3n<\/a> (Colombia, 1815- 1886)<\/li>\n<li><a title=\"Sof\u00eda Est\u00e9vez y Vales de Rodr\u00edguez\" href=\"https:\/\/eladd.org\/en\/sofia-estevez-y-vales-de-rodriguez\/\">Sof\u00eda Est\u00e9vez y Vales de Rodr\u00edguez<\/a> (Cuba, 1848)<\/li>\n<li><a title=\"Carmen Eulate Sanjurjo\" href=\"https:\/\/eladd.org\/en\/carmen-eulate-sanjurjo\/\">Carmen Eulate Sanjurjo<\/a> (Puerto Rico, 1871- 1961)<\/li>\n<li><a title=\"N\u00edsia Floresta\" href=\"https:\/\/eladd.org\/en\/nisia-floresta\/\">Nisia Floresta<\/a> (Brazil, 1810-1885)<\/li>\n<li><a title=\"Nicole Garay\" href=\"https:\/\/eladd.org\/en\/nicole-garay\/\">Nicole Garay<\/a> (Panama, 1873- 1928)<\/li>\n<li><a title=\"Herminia G\u00f3mez de Abad\u00eda\" href=\"https:\/\/eladd.org\/en\/herminia-gomez-de-abadia\/\">Herminia G\u00f3mez de Abad\u00eda <\/a>(Colombia, 1861-1926)<\/li>\n<li><a title=\"Rosario Grillo de Salgado\" href=\"https:\/\/eladd.org\/en\/other-authors\/rosario-grillo-de-salgado\/\">Rosario Grillo de Salgado<\/a> (Colombia, 1856-1957)<\/li>\n<li><a title=\"Carmen Hern\u00e1ndez de Araujo\" href=\"https:\/\/eladd.org\/en\/carmen-hernandez-de-araujo\/\">Carmen Hern\u00e1ndez de Araujo<\/a> (Puerto Rico, 1832-1877)<\/li>\n<li><a title=\"Francisca Julia\" href=\"https:\/\/eladd.org\/en\/francisca-julia\/\">Francisca Julia<\/a> (Brazil, 1871-1920)<\/li>\n<li><a title=\"Lola Larrosa de Ansaldo\" href=\"https:\/\/eladd.org\/en\/lola-larrosa-de-ansaldo\/\">Lola Larrosa de Ansaldo<\/a> (Uruguay, 1859-1895)<\/li>\n<li><a title=\"Julia Lopes de Almeida\" href=\"https:\/\/eladd.org\/en\/julia-lopes-de-almeida\/\">Julia Lopes de Almeida<\/a> (Brazil, 1862-1934)<\/li>\n<li><a title=\"Isabel Machado de Arredondo\" href=\"https:\/\/eladd.org\/en\/isabel-machado-de-arredondo\/\">Isabel Machado de Arredondo<\/a> (Cuba, 1838-1919)<\/li>\n<li><a title=\"Mercedes Mar\u00edn del Solar\" href=\"https:\/\/eladd.org\/en\/mercedes-marin-del-solar\/\">Mercedes Mar\u00edn del Solar <\/a>(Chile, 1804-1866)<\/li>\n<li><a title=\"Adelaida del M\u00e1rmol\" href=\"https:\/\/eladd.org\/en\/adelaida-del-marmol\/\">Adelaida del M\u00e1rmol<\/a> (Cuba, 1840-1857)<\/li>\n<li><a title=\"Mercedes Matamoros\" href=\"https:\/\/eladd.org\/en\/mercedes-matamoros\/\">Mercedes Matamoros<\/a> (Cuba, 1858-1906)<\/li>\n<li><a href=\"https:\/\/eladd.org\/en\/maria-martinez-de-nisser\/\">Mar\u00eda Mart\u00ednez de Nisser\u00a0<\/a>(Colombia, 1812-1872<\/li>\n<li><a title=\"Laura M\u00e9ndez de Cuenca\" href=\"https:\/\/eladd.org\/en\/laura-mendez-de-cuenca\/\">Laura M\u00e9ndez de Cuenca<\/a> (Mexico, 1853-1928)<\/li>\n<li><a title=\"Dolores Montenegro de M\u00e9ndez\" href=\"https:\/\/eladd.org\/en\/dolores-montenegro-de-mendez\/\">Dolores Montenegro de M\u00e9ndez<\/a> (Guatemala, 1857-1933)<\/li>\n<li><a title=\"Agripina Montes del Valle\" href=\"https:\/\/eladd.org\/en\/agripina-montes-del-valle\/\">Agripina Montes del Valle<\/a> (Colombia, 1844-1915)<\/li>\n<li><a title=\"Josefa Murillo Carl\u00edn\" href=\"https:\/\/eladd.org\/en\/josefa-murillo-carlin\/\">Josefa Murillo <\/a>(Mexico, 1860-1898)<\/li>\n<li><a title=\"Rosario Orrego de Uribe\" href=\"https:\/\/eladd.org\/en\/rosario-orrego-de-uribe\/\">Rosario Orrego de Uribe<\/a> (Chile, 1834-1879)<\/li>\n<li><a title=\"Vicenta de la Parra Cerda\" href=\"https:\/\/eladd.org\/en\/vicenta-de-la-parra-cerda\/\">Vicenta de la Parra Cerda <\/a>(Guatemala, 1834-1905)<\/li>\n<li><a title=\"Nieves Xenes y Duarte\" href=\"https:\/\/eladd.org\/en\/other-authors\/mercedes-parraga-de-quijano\/\">Mercedes P\u00e1rraga de Quijano (Mercedes P\u00e1rraga Paredes)<\/a>(Colombia, 18\u00bf?- 1870-1 \u00bf?)<\/li>\n<li><a title=\"Josefina Pelliza de Sagasta\" href=\"https:\/\/eladd.org\/en\/josefina-pelliza-de-sagasta\/\">Josefina Pelliza de Sagasta<\/a> (Argentina, 1848-1888)<\/li>\n<li><a title=\"Luisa P\u00e9rez de Zambrana\" href=\"https:\/\/eladd.org\/en\/luisa-perez-de-zambrana\/\">Luisa P\u00e9rez de Zambrana<\/a> (Cuba, 1837-1922)<\/li>\n<li><a title=\"Julia Luisa P\u00e9rez y Montes de Oca\" href=\"https:\/\/eladd.org\/en\/julia-luisa-perez-y-montes-de-oca\/\">Julia Luisa P\u00e9rez y Montes de Oca<\/a> (Cuba, 1841-1875)<\/li>\n<li><a title=\"Isabel Prieto de Land\u00e1zuri\" href=\"https:\/\/eladd.org\/en\/isabel-prieto-de-landazuri\/\">Isabel A. Prieto de Land\u00e1zuri <\/a>(Mexico, 1833-1876)<\/li>\n<li><a title=\"Catalina Rodr\u00edguez\" href=\"https:\/\/eladd.org\/en\/catalina-rodriguez\/\">Catalina Rodr\u00edguez<\/a> (Cuba, 1835-1894)<\/li>\n<li><a title=\"Lola Rodr\u00edguez de Ti\u00f3\" href=\"https:\/\/eladd.org\/en\/lola-rodriguez-de-tio\/\">Lola Rodr\u00edguez de Tio <\/a>(Puerto Rico, 1843-1924)<\/li>\n<li><a title=\"Ana Roqu\u00e9 de Duprey\" href=\"https:\/\/eladd.org\/en\/ana-roque-de-duprey\/\">Ana Roque de Duprey<\/a> (Puerto Rico, 1853-1933)<\/li>\n<li><a title=\"Mar\u00eda de Santa Cruz\" href=\"https:\/\/eladd.org\/en\/maria-de-santa-cruz\/\">Mar\u00eda de Santa Cruz<\/a> (Cuba, 1843-1923)<\/li>\n<li><a title=\"Edelina Soto y Calvo\" href=\"https:\/\/eladd.org\/en\/edelina-soto-y-calvo\/\">Edelina Soto y Calvo<\/a> (Argentina, 1844-1932)<\/li>\n<li><a title=\"Graciela Sotomayor de Concha\" href=\"https:\/\/eladd.org\/en\/graciela-sotomayor-de-concha\/\">Graciela Sotomayor de Concha <\/a>(Chile, \u00bf ?)<\/li>\n<li><a title=\"Ester Tapia de Castellanos\" href=\"https:\/\/eladd.org\/en\/ester-tapia-de-castellanos\/\">Esther Tapia de Castellanos <\/a>(Mexico, 1842-1897)<\/li>\n<li><a title=\"Salom\u00e9 Ure\u00f1a D\u00edaz\" href=\"https:\/\/eladd.org\/en\/salome-urena-diaz\/\">Salom\u00e9 Ure\u00f1a de Henr\u00edquez<\/a> (Dominican Republic, 1850-1897)<\/li>\n<li><a title=\"Mercedes Vald\u00e9s Mendoza\" href=\"https:\/\/eladd.org\/en\/mercedes-valdes-mendoza\/\">Mercedes Vald\u00e9s Mendoza <\/a>(Cuba, 1822-1896)<\/li>\n<li><a title=\"Isabel Velasco y Cisneros\" href=\"https:\/\/eladd.org\/en\/isabel-velasco-y-cisneros\/\">Isabel Velasco y Cisneros<\/a> (Cuba, 1860?-1916)<\/li>\n<li><a title=\"Eva Verbel y Marea\" href=\"https:\/\/eladd.org\/en\/eva-verbel-y-marea\/\">Eva Verbel y Marea <\/a>(Colombia, 1856-1900?)<\/li>\n<li><a title=\"Nieves Xenes y Duarte\" href=\"https:\/\/eladd.org\/en\/nieves-xenes-y-duarte\/\">Nieves Xenes y Duarte <\/a>(Cuba, 1859-1915)<\/li>\n<\/ul>\n[\/vc_column_text][\/vc_column_inner][vc_column_inner width=&#8221;1\/2&#8243; style=&#8221;default&#8221; visibility=&#8221;&#8221; css_animation=&#8221;&#8221; drop_shadow=&#8221;&#8221; bg_style=&#8221;stretch&#8221;][vc_single_image image=&#8221;699&#8243; alignment=&#8221;center&#8221;][\/vc_column_inner][\/vc_row_inner][\/vc_column][\/vc_row]\n<\/div>","protected":false},"excerpt":{"rendered":"<p>[vc_row full_width=&rdquo;stretch_row&rdquo; bg_style=&rdquo;repeat&rdquo; el_id=&rdquo;other-authors&rdquo; css=&rdquo;.vc_custom_1762916272778{background-position: 0 0 !important;background-repeat: repeat !important;}&rdquo;][vc_column][vc_column_text el_class=&rdquo;seccion__titulo&rdquo;] Other Authors [\/vc_column_text][vc_column_text css=&rdquo;.vc_custom_1613237631083{margin-bottom: 35px !important;}&rdquo; el_class=&rdquo;seccion__texto seccion__titulo&rdquo;] Criteria for Selection Our criteria for the selection of this list of lesser-known writers were based on the paucity of articles,&hellip;<\/p>\n","protected":false},"author":1,"featured_media":0,"parent":0,"menu_order":0,"comment_status":"closed","ping_status":"closed","template":"","meta":{"footnotes":""},"class_list":["post-98","page","type-page","status-publish","hentry","entry","no-media"],"yoast_head":"<!-- This site is optimized with the Yoast SEO plugin v26.1.1 - https:\/\/yoast.com\/wordpress\/plugins\/seo\/ -->\n<title>Other Authors - Eladd En<\/title>\n<meta name=\"robots\" content=\"index, follow, max-snippet:-1, max-image-preview:large, max-video-preview:-1\" \/>\n<link rel=\"canonical\" href=\"https:\/\/eladd.org\/en\/other-authors\/\" \/>\n<meta property=\"og:locale\" content=\"en_US\" \/>\n<meta property=\"og:type\" content=\"article\" \/>\n<meta property=\"og:title\" content=\"Other Authors - Eladd En\" \/>\n<meta property=\"og:description\" content=\"[vc_row full_width=&rdquo;stretch_row&rdquo; bg_style=&rdquo;repeat&rdquo; el_id=&rdquo;other-authors&rdquo; css=&rdquo;.vc_custom_1762916272778{background-position: 0 0 !important;background-repeat: repeat !important;}&rdquo;][vc_column][vc_column_text el_class=&rdquo;seccion__titulo&rdquo;] Other Authors [\/vc_column_text][vc_column_text css=&rdquo;.vc_custom_1613237631083{margin-bottom: 35px !important;}&rdquo; el_class=&rdquo;seccion__texto seccion__titulo&rdquo;] Criteria for Selection Our criteria for the selection of this list of lesser-known writers were based on the paucity of articles,&hellip;\" \/>\n<meta property=\"og:url\" content=\"https:\/\/eladd.org\/en\/other-authors\/\" \/>\n<meta property=\"og:site_name\" content=\"Eladd En\" \/>\n<meta property=\"article:modified_time\" content=\"2025-11-12T02:57:58+00:00\" \/>\n<meta property=\"og:image\" content=\"https:\/\/eladd.org\/en\/wp-content\/uploads\/sites\/2\/2015\/09\/icon-space.png\" \/>\n\t<meta property=\"og:image:width\" content=\"150\" \/>\n\t<meta property=\"og:image:height\" content=\"8\" \/>\n\t<meta property=\"og:image:type\" content=\"image\/png\" \/>\n<meta name=\"twitter:card\" content=\"summary_large_image\" \/>\n<meta name=\"twitter:label1\" content=\"Est. reading time\" \/>\n\t<meta name=\"twitter:data1\" content=\"3 minutes\" \/>\n<script type=\"application\/ld+json\" class=\"yoast-schema-graph\">{\"@context\":\"https:\/\/schema.org\",\"@graph\":[{\"@type\":\"WebPage\",\"@id\":\"https:\/\/eladd.org\/en\/other-authors\/\",\"url\":\"https:\/\/eladd.org\/en\/other-authors\/\",\"name\":\"Other Authors - Eladd En\",\"isPartOf\":{\"@id\":\"https:\/\/eladd.org\/en\/#website\"},\"primaryImageOfPage\":{\"@id\":\"https:\/\/eladd.org\/en\/other-authors\/#primaryimage\"},\"image\":{\"@id\":\"https:\/\/eladd.org\/en\/other-authors\/#primaryimage\"},\"thumbnailUrl\":\"https:\/\/eladd.org\/en\/wp-content\/uploads\/sites\/2\/2015\/09\/icon-space.png\",\"datePublished\":\"2014-07-02T20:08:37+00:00\",\"dateModified\":\"2025-11-12T02:57:58+00:00\",\"breadcrumb\":{\"@id\":\"https:\/\/eladd.org\/en\/other-authors\/#breadcrumb\"},\"inLanguage\":\"en-US\",\"potentialAction\":[{\"@type\":\"ReadAction\",\"target\":[\"https:\/\/eladd.org\/en\/other-authors\/\"]}]},{\"@type\":\"ImageObject\",\"inLanguage\":\"en-US\",\"@id\":\"https:\/\/eladd.org\/en\/other-authors\/#primaryimage\",\"url\":\"https:\/\/eladd.org\/en\/wp-content\/uploads\/sites\/2\/2015\/09\/icon-space.png\",\"contentUrl\":\"https:\/\/eladd.org\/en\/wp-content\/uploads\/sites\/2\/2015\/09\/icon-space.png\",\"width\":150,\"height\":8},{\"@type\":\"BreadcrumbList\",\"@id\":\"https:\/\/eladd.org\/en\/other-authors\/#breadcrumb\",\"itemListElement\":[{\"@type\":\"ListItem\",\"position\":1,\"name\":\"Home\",\"item\":\"https:\/\/eladd.org\/en\/\"},{\"@type\":\"ListItem\",\"position\":2,\"name\":\"Other Authors\"}]},{\"@type\":\"WebSite\",\"@id\":\"https:\/\/eladd.org\/en\/#website\",\"url\":\"https:\/\/eladd.org\/en\/\",\"name\":\"Eladd En\",\"description\":\"Ninteenth-Century Latin American Women Writers\",\"publisher\":{\"@id\":\"https:\/\/eladd.org\/en\/#organization\"},\"potentialAction\":[{\"@type\":\"SearchAction\",\"target\":{\"@type\":\"EntryPoint\",\"urlTemplate\":\"https:\/\/eladd.org\/en\/?s={search_term_string}\"},\"query-input\":{\"@type\":\"PropertyValueSpecification\",\"valueRequired\":true,\"valueName\":\"search_term_string\"}}],\"inLanguage\":\"en-US\"},{\"@type\":\"Organization\",\"@id\":\"https:\/\/eladd.org\/en\/#organization\",\"name\":\"Eladd En\",\"url\":\"https:\/\/eladd.org\/en\/\",\"logo\":{\"@type\":\"ImageObject\",\"inLanguage\":\"en-US\",\"@id\":\"https:\/\/eladd.org\/en\/#\/schema\/logo\/image\/\",\"url\":\"https:\/\/eladd.org\/en\/wp-content\/uploads\/sites\/2\/2025\/07\/logo-eladd.png\",\"contentUrl\":\"https:\/\/eladd.org\/en\/wp-content\/uploads\/sites\/2\/2025\/07\/logo-eladd.png\",\"width\":324,\"height\":77,\"caption\":\"Eladd En\"},\"image\":{\"@id\":\"https:\/\/eladd.org\/en\/#\/schema\/logo\/image\/\"}}]}<\/script>\n<!-- \/ Yoast SEO plugin. -->","yoast_head_json":{"title":"Other Authors - Eladd En","robots":{"index":"index","follow":"follow","max-snippet":"max-snippet:-1","max-image-preview":"max-image-preview:large","max-video-preview":"max-video-preview:-1"},"canonical":"https:\/\/eladd.org\/en\/other-authors\/","og_locale":"en_US","og_type":"article","og_title":"Other Authors - Eladd En","og_description":"[vc_row full_width=&rdquo;stretch_row&rdquo; bg_style=&rdquo;repeat&rdquo; el_id=&rdquo;other-authors&rdquo; css=&rdquo;.vc_custom_1762916272778{background-position: 0 0 !important;background-repeat: repeat !important;}&rdquo;][vc_column][vc_column_text el_class=&rdquo;seccion__titulo&rdquo;] Other Authors [\/vc_column_text][vc_column_text css=&rdquo;.vc_custom_1613237631083{margin-bottom: 35px !important;}&rdquo; el_class=&rdquo;seccion__texto seccion__titulo&rdquo;] Criteria for Selection Our criteria for the selection of this list of lesser-known writers were based on the paucity of articles,&hellip;","og_url":"https:\/\/eladd.org\/en\/other-authors\/","og_site_name":"Eladd En","article_modified_time":"2025-11-12T02:57:58+00:00","og_image":[{"width":150,"height":8,"url":"https:\/\/eladd.org\/en\/wp-content\/uploads\/sites\/2\/2015\/09\/icon-space.png","type":"image\/png"}],"twitter_card":"summary_large_image","twitter_misc":{"Est. reading time":"3 minutes"},"schema":{"@context":"https:\/\/schema.org","@graph":[{"@type":"WebPage","@id":"https:\/\/eladd.org\/en\/other-authors\/","url":"https:\/\/eladd.org\/en\/other-authors\/","name":"Other Authors - Eladd En","isPartOf":{"@id":"https:\/\/eladd.org\/en\/#website"},"primaryImageOfPage":{"@id":"https:\/\/eladd.org\/en\/other-authors\/#primaryimage"},"image":{"@id":"https:\/\/eladd.org\/en\/other-authors\/#primaryimage"},"thumbnailUrl":"https:\/\/eladd.org\/en\/wp-content\/uploads\/sites\/2\/2015\/09\/icon-space.png","datePublished":"2014-07-02T20:08:37+00:00","dateModified":"2025-11-12T02:57:58+00:00","breadcrumb":{"@id":"https:\/\/eladd.org\/en\/other-authors\/#breadcrumb"},"inLanguage":"en-US","potentialAction":[{"@type":"ReadAction","target":["https:\/\/eladd.org\/en\/other-authors\/"]}]},{"@type":"ImageObject","inLanguage":"en-US","@id":"https:\/\/eladd.org\/en\/other-authors\/#primaryimage","url":"https:\/\/eladd.org\/en\/wp-content\/uploads\/sites\/2\/2015\/09\/icon-space.png","contentUrl":"https:\/\/eladd.org\/en\/wp-content\/uploads\/sites\/2\/2015\/09\/icon-space.png","width":150,"height":8},{"@type":"BreadcrumbList","@id":"https:\/\/eladd.org\/en\/other-authors\/#breadcrumb","itemListElement":[{"@type":"ListItem","position":1,"name":"Home","item":"https:\/\/eladd.org\/en\/"},{"@type":"ListItem","position":2,"name":"Other Authors"}]},{"@type":"WebSite","@id":"https:\/\/eladd.org\/en\/#website","url":"https:\/\/eladd.org\/en\/","name":"Eladd En","description":"Ninteenth-Century Latin American Women Writers","publisher":{"@id":"https:\/\/eladd.org\/en\/#organization"},"potentialAction":[{"@type":"SearchAction","target":{"@type":"EntryPoint","urlTemplate":"https:\/\/eladd.org\/en\/?s={search_term_string}"},"query-input":{"@type":"PropertyValueSpecification","valueRequired":true,"valueName":"search_term_string"}}],"inLanguage":"en-US"},{"@type":"Organization","@id":"https:\/\/eladd.org\/en\/#organization","name":"Eladd En","url":"https:\/\/eladd.org\/en\/","logo":{"@type":"ImageObject","inLanguage":"en-US","@id":"https:\/\/eladd.org\/en\/#\/schema\/logo\/image\/","url":"https:\/\/eladd.org\/en\/wp-content\/uploads\/sites\/2\/2025\/07\/logo-eladd.png","contentUrl":"https:\/\/eladd.org\/en\/wp-content\/uploads\/sites\/2\/2025\/07\/logo-eladd.png","width":324,"height":77,"caption":"Eladd En"},"image":{"@id":"https:\/\/eladd.org\/en\/#\/schema\/logo\/image\/"}}]}},"_links":{"self":[{"href":"https:\/\/eladd.org\/en\/wp-json\/wp\/v2\/pages\/98","targetHints":{"allow":["GET"]}}],"collection":[{"href":"https:\/\/eladd.org\/en\/wp-json\/wp\/v2\/pages"}],"about":[{"href":"https:\/\/eladd.org\/en\/wp-json\/wp\/v2\/types\/page"}],"author":[{"embeddable":true,"href":"https:\/\/eladd.org\/en\/wp-json\/wp\/v2\/users\/1"}],"replies":[{"embeddable":true,"href":"https:\/\/eladd.org\/en\/wp-json\/wp\/v2\/comments?post=98"}],"version-history":[{"count":82,"href":"https:\/\/eladd.org\/en\/wp-json\/wp\/v2\/pages\/98\/revisions"}],"predecessor-version":[{"id":24750,"href":"https:\/\/eladd.org\/en\/wp-json\/wp\/v2\/pages\/98\/revisions\/24750"}],"wp:attachment":[{"href":"https:\/\/eladd.org\/en\/wp-json\/wp\/v2\/media?parent=98"}],"curies":[{"name":"wp","href":"https:\/\/api.w.org\/{rel}","templated":true}]}}